{"id":3,"date":"2023-02-01T12:09:49","date_gmt":"2023-02-01T13:09:49","guid":{"rendered":"http:\/\/wordpress.p635618.webspaceconfig.de"},"modified":"2023-02-22T00:14:07","modified_gmt":"2023-02-21T23:14:07","slug":"datenschutzerklaerung","status":"publish","type":"page","link":"https:\/\/gyn-krizic.com\/en\/datenschutzerklaerung\/","title":{"rendered":"Datenschutzerkl\u00e4rung"},"content":{"rendered":"<div data-elementor-type=\"wp-page\" data-elementor-id=\"3\" class=\"elementor elementor-3\" data-elementor-settings=\"{&quot;premium_particles_zindex&quot;:0,&quot;premium_particles_responsive&quot;:[&quot;desktop&quot;,&quot;tablet&quot;,&quot;mobile&quot;]}\" data-elementor-post-type=\"page\">\n\t\t\t\t\t\t<section class=\"elementor-section elementor-top-section elementor-element elementor-element-933d275 elementor-section-boxed elementor-section-height-default elementor-section-height-default\" data-id=\"933d275\" data-element_type=\"section\" data-settings=\"{&quot;premium_particles_zindex&quot;:0,&quot;premium_particles_responsive&quot;:[&quot;desktop&quot;,&quot;tablet&quot;,&quot;mobile&quot;]}\">\n\t\t\t\t\t\t<div class=\"elementor-container elementor-column-gap-default\">\n\t\t\t\t\t<div class=\"elementor-column elementor-col-100 elementor-top-column elementor-element elementor-element-7de831b\" data-id=\"7de831b\" data-element_type=\"column\" data-settings=\"{&quot;premium_particles_zindex&quot;:0,&quot;premium_particles_responsive&quot;:[&quot;desktop&quot;,&quot;tablet&quot;,&quot;mobile&quot;]}\">\n\t\t\t<div class=\"elementor-widget-wrap elementor-element-populated\">\n\t\t\t\t\t\t<div class=\"elementor-element elementor-element-68bc430 elementor-widget elementor-widget-heading\" data-id=\"68bc430\" data-element_type=\"widget\" data-widget_type=\"heading.default\">\n\t\t\t\t<div class=\"elementor-widget-container\">\n\t\t\t<style>\/*! elementor - v3.19.0 - 07-02-2024 *\/\n.elementor-heading-title{padding:0;margin:0;line-height:1}.elementor-widget-heading .elementor-heading-title[class*=elementor-size-]>a{color:inherit;font-size:inherit;line-height:inherit}.elementor-widget-heading .elementor-heading-title.elementor-size-small{font-size:15px}.elementor-widget-heading .elementor-heading-title.elementor-size-medium{font-size:19px}.elementor-widget-heading .elementor-heading-title.elementor-size-large{font-size:29px}.elementor-widget-heading .elementor-heading-title.elementor-size-xl{font-size:39px}.elementor-widget-heading .elementor-heading-title.elementor-size-xxl{font-size:59px}<\/style><h2 class=\"elementor-heading-title elementor-size-default\">Datenschutzerkl\u00e4rung<\/h2>\t\t<\/div>\n\t\t\t\t<\/div>\n\t\t\t\t<div class=\"elementor-element elementor-element-3b9d605 elementor-widget elementor-widget-text-editor\" data-id=\"3b9d605\" data-element_type=\"widget\" data-widget_type=\"text-editor.default\">\n\t\t\t\t<div class=\"elementor-widget-container\">\n\t\t\t<style>\/*! elementor - v3.19.0 - 07-02-2024 *\/\n.elementor-widget-text-editor.elementor-drop-cap-view-stacked .elementor-drop-cap{background-color:#69727d;color:#fff}.elementor-widget-text-editor.elementor-drop-cap-view-framed .elementor-drop-cap{color:#69727d;border:3px solid;background-color:transparent}.elementor-widget-text-editor:not(.elementor-drop-cap-view-default) .elementor-drop-cap{margin-top:8px}.elementor-widget-text-editor:not(.elementor-drop-cap-view-default) .elementor-drop-cap-letter{width:1em;height:1em}.elementor-widget-text-editor .elementor-drop-cap{float:left;text-align:center;line-height:1;font-size:50px}.elementor-widget-text-editor .elementor-drop-cap-letter{display:inline-block}<\/style>\t\t\t\t<p><strong>1. Name und Kontaktdaten des f\u00fcr die Verarbeitung Verantwortlichen sowie des betrieblichen Datenschutzbeauftragten<\/strong><br \/>Diese Datenschutz-Information gilt f\u00fcr die Datenverarbeitung durch:<\/p><p>Gyn\u00e4kologische Praxis Dr. med. Ivana Krizic, Opernplatz 14 1. OG, 60313 Frankfurt am Main, Tel.: +49 (0)69 75 66 80 97, E-Mail: info@gyn-krizic.com<\/p><p><strong>2. Erhebung und Speicherung personenbezogener Daten sowie Art und Zweck von deren Verwendung<\/strong><br \/>a) Beim Besuch der Website<br \/>Wenn Sie unsere Website unter www.gyn-krizic.com aufrufen, werden durch den auf Ihrem Endger\u00e4t zum Einsatz kommenden Browser automatisch bestimmte Informationen an den Server unserer Website gesendet. Wir speichern diese Informationen tempor\u00e4r in einem sog. Logfile. Dies geschieht automatisch. Folgende Informationen werden dabei erfasst und bis zur automatisierten L\u00f6schung gespeichert:<\/p><p>IP-Adresse des anfragenden Rechners,<br \/>Datum und Uhrzeit des Zugriffs,<br \/>Name und URL der abgerufenen Datei,<br \/>Website, von der aus der Zugriff erfolgt (Referrer-URL),<br \/>verwendeter Browser und ggf. das Betriebssystem Ihres Rechners sowie der Name Ihres Access-Providers.<br \/>Wir verarbeiten die vorgenannten Daten zu folgenden Zwecken:<\/p><p>Gew\u00e4hrleistung eines reibungslosen Verbindungsaufbaus der Website,<br \/>Gew\u00e4hrleistung einer komfortablen Nutzung unserer Website,<br \/>Auswertung der Systemsicherheit und -stabilit\u00e4t sowie<br \/>zu weiteren administrativen Zwecken.<br \/>Die Rechtsgrundlage f\u00fcr die Datenverarbeitung ist Art. 6 Abs. 1 S. 1 lit. f DSGVO. Unser berechtigtes Interesse an der vorbezeichneten Datenverarbeitung ergibt sich aus den zuvor aufgelisteten Zwecken zur Datenerhebung. Wir verwenden die erhobenen Daten nicht, um R\u00fcckschl\u00fcsse auf Ihre Person zu ziehen.<\/p><p>Dar\u00fcber hinaus setzen wir beim Besuch unserer Website Cookies ein. N\u00e4here Erl\u00e4uterungen dazu erhalten Sie unter den Ziff. 4 dieser Datenschutzerkl\u00e4rung.<\/p><p>b) Bei Nutzung unserer Online-Terminbuchung<\/p><p><strong>3. Weitergabe von Daten<\/strong><br \/>Eine sonstige \u00dcbermittlung Ihrer pers\u00f6nlichen Daten an Dritte zu anderen als den im Folgenden aufgef\u00fchrten Zwecken findet nicht statt.<\/p><p>Wir geben Ihre pers\u00f6nlichen Daten nur an Dritte weiter, wenn:<\/p><p>Sie gem\u00e4\u00df Art. 6 Abs. 1 S. 1 lit. a DSGVO eine ausdr\u00fcckliche Einwilligung dazu erteilt haben,<br \/>die Weitergabe nach Art. 6 Abs. 1 S. 1 lit. f DSGVO zur Geltendmachung, Aus\u00fcbung oder Verteidigung von Rechtsanspr\u00fcchen erforderlich ist und kein Grund zur Annahme besteht, dass Sie ein \u00fcberwiegendes schutzw\u00fcrdiges Interesse an der Nichtweitergabe Ihrer Daten haben,<br \/>wenn wir nach Art. 6 Abs. 1 S. 1 lit. c DSGVO gesetzlich zur Weitergabe verpflichtet sind, sowie<br \/>dies gesetzlich zul\u00e4ssig und nach Art. 6 Abs. 1 S. 1 lit. b DSGVO f\u00fcr die Abwicklung von Vertragsverh\u00e4ltnissen mit Ihnen erforderlich ist.<\/p><p><strong>4. Cookies<\/strong><br \/>Wir setzen auf unserer Seite Cookies ein. Cookies sind kleine (Text-) Dateien, die Ihr Browser automatisch erstellt und die auf Ihrem Endger\u00e4t (Laptop, Tablet, Smartphone o.\u00e4.) gespeichert werden. Cookies richten auf Ihrem Endger\u00e4t keinen Schaden an, enthalten keine Viren, Trojaner oder sonstige Schadsoftware.<\/p><p>Der Cookie speichert Informationen, die sich jeweils im Zusammenhang mit dem von Ihnen beim Aufruf unserer Website genutzten Endger\u00e4t ergeben. Wir erlangen dadurch nicht zwangsweise unmittelbare Kenntnis von Ihrer Identit\u00e4t.<\/p><p>Wir verwenden Cookies um Ihnen den Besuch unserer Website angenehmer zu machen. Beispielsweise setzen wir sogenannte Session-Cookies ein, um zu erkennen, dass Sie einzelne Seiten unserer Website bereits besucht haben. Session Cookies werden nach Verlassen unserer Website automatisiert gel\u00f6scht.<\/p><p>Ferner setzen wir tempor\u00e4re Cookies ein, um die Benutzerfreundlichkeit unserer Website zu optimieren. Tempor\u00e4re Cookies werden f\u00fcr einen festgelegten Zeitraum auf Ihrem Endger\u00e4t gespeichert. Wenn Sie unsere Website erneut besuchen, wird automatisch erkannt, dass Sie uns bereits einmal besucht haben. Dar\u00fcber hinaus wissen wir dann bereits, welche Eingaben und Einstellungen sie get\u00e4tigt haben und k\u00f6nnen Ihnen diese automatisiert zur Verf\u00fcgung stellen. So m\u00fcssen Sie die Informationen nicht erneut eingeben.<\/p><p>Zum anderen setzen wir Cookies ein, um die Nutzung unserer Website statistisch zu erfassen und auszuwerten. Dadurch erreichen wir eine fortlaufende Optimierung unseres Angebotes. Diese Cookies erm\u00f6glichen es uns ebenfalls, bei einem erneuten Besuch unserer Seite automatisch zu erkennen, dass Sie unsere Website bereits besuchten. Auch diese Cookies werden nach einer jeweils definierten Zeit automatisch gel\u00f6scht.<\/p><p>Wir st\u00fctzen Datenverarbeitungen im Zusammenhang mit der Verwendung von Cookies auf Ihre freiwillig erteilte Einwilligung, Art. 6 Abs. 1 S. 1 lit. f DSGVO, sowie unsere berechtigten Interessen sowie die Dritter, Art. 6 Abs. 1 S. 1 lit. f DSGVO, denn die Verwendung von Cookies ist zur Wahrung der vorgenannten Interessen erforderlich.<\/p><p>Die meisten Browser akzeptieren Cookies automatisch. Sie k\u00f6nnen Ihren Browser jedoch so konfigurieren, dass keine Cookies auf Ihrem Computer gespeichert werden oder stets ein Hinweis erscheint, bevor ein neuer Cookie angelegt wird. Die vollst\u00e4ndige Deaktivierung von Cookies kann jedoch dazu f\u00fchren, dass Sie nicht alle Funktionen unserer Website nutzen k\u00f6nnen.<\/p><p><strong>5. Links<\/strong><br \/>Sofern Sie externe Links nutzen, die im Rahmen unserer Internetseiten angeboten werden, erstreckt sich diese Datenschutzerkl\u00e4rung nicht auf diese Links. Wenn wir Links anbieten, bem\u00fchen wir uns sicherzustellen, dass auch diese unserer Datenschutz- und Sicherheitsstandards einhalten. Wir haben jedoch keinen Einfluss auf die Einhaltung der Datenschutz und Sicherheitsbestimmungen durch andere Anbieter. Informieren Sie sich deshalb bitte auf den Internetseiten der anderen Anbieter auch \u00fcber die dort bereitgestellten Datenschutzerkl\u00e4rungen.<\/p><p><strong>6. Betroffenenrechte<\/strong><br \/>Sie haben das Recht:<\/p><p>\u2022 gem\u00e4\u00df Art. 15 DSGVO Auskunft \u00fcber Ihre von uns verarbeiteten personenbezogenen Daten zu verlangen. Dabei k\u00f6nnen Sie insbesondere Auskunft \u00fcber die Zwecke der Verarbeitungen, die Kategorien der personenbezogenen Daten, die Kategorien von Empf\u00e4ngern, gegen\u00fcber denen Ihre Daten offengelegt wurden oder werden, die geplante Speicherdauer, das Bestehen eines Rechts auf Berichtigung, L\u00f6schung, Einschr\u00e4nkung der Verarbeitung oder Widerspruch, das Bestehen eines Beschwerderechts, die Herkunft ihrer Daten, sofern diese nicht bei uns erhoben wurden, sowie \u00fcber das Bestehen einer automatisierten Entscheidungsfindung einschlie\u00dflich Profiling und ggf. aussagekr\u00e4ftigen Informationen zu deren Einzelheiten verlangen;<\/p><p>\u2022 gem\u00e4\u00df Art. 16 DSGVO unverz\u00fcglich die Berichtigung unrichtiger oder Vervollst\u00e4ndigung Ihrer bei uns gespeicherten personenbezogenen Daten zu verlangen;<\/p><p>\u2022 gem\u00e4\u00df Art. 17 DSGVO die L\u00f6schung Ihrer bei uns gespeicherten personenbezogenen Daten zu verlangen, soweit nicht die Verarbeitung zur Aus\u00fcbung des Rechts auf freie Meinungs\u00e4u\u00dferung und Information, zur Erf\u00fcllung einer rechtlichen Verpflichtung, aus Gr\u00fcnden des \u00f6ffentlichen Interesses oder zur Geltendmachung, Aus\u00fcbung oder Verteidigung von Rechtsanspr\u00fcchen erforderlich ist;<\/p><p>\u2022 gem\u00e4\u00df Art. 18 DSGVO die Einschr\u00e4nkung der Verarbeitung Ihrer personenbezogenen Daten zu verlangen, wenn Sie die Richtigkeit der personenbezogenen Daten bestreiten und es uns m\u00f6glich war, die Richtigkeit der Daten zu \u00fcberpr\u00fcfen, oder die Verarbeitung unrechtm\u00e4\u00dfig ist und Sie die L\u00f6schung der personenbezogenen Daten ablehnen und stattdessen die Einschr\u00e4nkung der Nutzung der personenbezogenen Daten verlangen, oder wir die Daten f\u00fcr die Zwecke der Verarbeitung nicht l\u00e4nger ben\u00f6tigen und Sie die Daten hingegen zur Geltendmachung, Aus\u00fcbung oder Verteidigung von Rechtsanspr\u00fcchen ben\u00f6tigen, oder Sie Widerspruch gegen die Verarbeitung eingelegt haben, solange noch nicht feststeht, ob die berechtigten Gr\u00fcnde unsererseits oder Ihrerseits \u00fcberwiegen.<\/p><p>\u2022 gem\u00e4\u00df Art. 20 DSGVO Ihre personenbezogenen Daten, die Sie uns bereitgestellt haben, in einem strukturierten, g\u00e4ngigen und maschinenlesebaren Format zu erhalten oder die \u00dcbermittlung an einen anderen Verantwortlichen zu verlangen;<\/p><p>\u2022 gem\u00e4\u00df Art. 7 Abs. 3 DSGVO Ihre einmal erteilte Einwilligung jederzeit gegen\u00fcber uns zu widerrufen. Dies hat zur Folge, dass wir die Datenverarbeitung, die auf dieser Einwilligung beruhte, f\u00fcr die Zukunft nicht mehr fortf\u00fchren d\u00fcrfen und<\/p><p>\u2022 gem\u00e4\u00df Art. 77 DSGVO sich bei einer Aufsichtsbeh\u00f6rde zu beschweren. In der Regel k\u00f6nnen Sie sich hierf\u00fcr an die Aufsichtsbeh\u00f6rde Ihres \u00fcblichen Aufenthaltsortes oder Arbeitsplatzes oder unseres Unternehmenssitzes wenden.<\/p><p><strong>7. Widerspruchsrecht<\/strong><br \/>Wenn wir Ihre personenbezogenen Daten verarbeiten und uns dabei auf unsere berechtigten Interessen gem\u00e4\u00df Art. 6 Abs. 1 S. 1 lit. f DSGVO st\u00fctzen, haben Sie das Recht, nach Art. 21 DSGVO Widerspruch gegen die konkrete Verarbeitung der personenbezogenen Daten einzulegen. Soweit sich Ihr Widerspruch gegen Direktwerbung richtet, haben Sie ein generelles Widerspruchsrecht, welches auch ohne Angabe einer besonderen Situation von uns umgesetzt wird. Im \u00dcbrigen ist es zur erfolgreichen Geltendmachung des Widerspruches erforderlich, dass f\u00fcr Ihren Widerspruch Gr\u00fcnde vorliegen, die sich aus Ihrer besonderen Situation ergeben.<\/p><p>M\u00f6chten Sie von Ihrem Widerrufs- oder Widerspruchsrecht Gebrauch machen, gen\u00fcgt eine E-Mail an <a href=\"mailto:info@gyn-krizic.com\">info@gyn-krizic.com<\/a>.<\/p><p><strong>8. Datensicherheit<\/strong><br \/>Wir verschl\u00fcsseln die Daten\u00fcbertragung von und an unsere Website mit Hilfe des SSL-Verfahrens (Secure Socket Layer) in Verbindung mit der jeweils h\u00f6chsten von Ihrem Browser unterst\u00fctzen Verschl\u00fcsselungsstufe. Dabei handelt es sich In der Regel um eine 256-Bit Verschl\u00fcsselung. Falls Ihr Browser dies nicht unterst\u00fctzt, greifen wir stattdessen auf 128-Bit v3 Technologie zur\u00fcck. Die Verschl\u00fcsselung einzelner Seiten unseres Angebotes erkennen Sie an der geschlossenen Darstellung des Sch\u00fcssel- beziehungsweise Schloss-Symbols in der unteren Statusleiste und\/oder Adresszeile Ihres Browsers.<\/p><p>Um Ihre Daten gegen zuf\u00e4llige oder vors\u00e4tzliche Manipulationen, teilweisen oder vollst\u00e4ndigen Verlust, Zerst\u00f6rung oder gegen den unbefugten Zugriff Dritter zu sch\u00fctzen bedienen wir uns zudem geeigneter technischer und organisatorischer Sicherheitsma\u00dfnahmen (TOMs). Unsere Sicherheitsma\u00dfnahmen \u00fcberarbeiten und verbessern wir entsprechend der technologischen Entwicklung fortlaufend.<\/p><p><strong>9. Aktualit\u00e4t und \u00c4nderung dieser Datenschutzerkl\u00e4rung<\/strong><br \/>Diese Datenschutzerkl\u00e4rung hat den Stand Juli 2022 und ist aktuell g\u00fcltig.<\/p><p>Sich ver\u00e4ndernde gesetzliche oder beh\u00f6rdliche Vorgaben, Entwicklungen der Rechtsprechung sowie Weiterentwicklung an unserer Website k\u00f6nnen \u00c4nderungen an unserer Datenschutzerkl\u00e4rung notwendig machen.<\/p><p>Die jeweils aktuelle Fassung unserer Datenschutzerkl\u00e4rung k\u00f6nnen Sie jederzeit auf der Website <a href=\"https:\/\/gyn-krizic.com\/en\/datenschutz\/\">www.gyn-krizic.com\/datenschutz<\/a> abrufen und ausdrucken.<\/p>\t\t\t\t\t\t<\/div>\n\t\t\t\t<\/div>\n\t\t\t\t\t<\/div>\n\t\t<\/div>\n\t\t\t\t\t<\/div>\n\t\t<\/section>\n\t\t\t\t<\/div>","protected":false},"excerpt":{"rendered":"<p>Datenschutzerkl\u00e4rung 1. Name und Kontaktdaten des f\u00fcr die Verarbeitung Verantwortlichen sowie des betrieblichen DatenschutzbeauftragtenDiese Datenschutz-Information gilt f\u00fcr die Datenverarbeitung durch: Gyn\u00e4kologische Praxis Dr. med. Ivana Krizic, Opernplatz 14 1. OG, 60313 Frankfurt am Main, Tel.: +49 (0)69 75 66 80 97, E-Mail: info@gyn-krizic.com 2. Erhebung und Speicherung personenbezogener Daten sowie Art und Zweck von deren [&hellip;]<\/p>","protected":false},"author":3,"featured_media":0,"parent":0,"menu_order":0,"comment_status":"closed","ping_status":"open","template":"","meta":{"_acf_changed":false,"footnotes":""},"class_list":["post-3","page","type-page","status-publish","hentry"],"acf":[],"_links":{"self":[{"href":"https:\/\/gyn-krizic.com\/en\/wp-json\/wp\/v2\/pages\/3","targetHints":{"allow":["GET"]}}],"collection":[{"href":"https:\/\/gyn-krizic.com\/en\/wp-json\/wp\/v2\/pages"}],"about":[{"href":"https:\/\/gyn-krizic.com\/en\/wp-json\/wp\/v2\/types\/page"}],"author":[{"embeddable":true,"href":"https:\/\/gyn-krizic.com\/en\/wp-json\/wp\/v2\/users\/3"}],"replies":[{"embeddable":true,"href":"https:\/\/gyn-krizic.com\/en\/wp-json\/wp\/v2\/comments?post=3"}],"version-history":[{"count":4,"href":"https:\/\/gyn-krizic.com\/en\/wp-json\/wp\/v2\/pages\/3\/revisions"}],"predecessor-version":[{"id":500,"href":"https:\/\/gyn-krizic.com\/en\/wp-json\/wp\/v2\/pages\/3\/revisions\/500"}],"wp:attachment":[{"href":"https:\/\/gyn-krizic.com\/en\/wp-json\/wp\/v2\/media?parent=3"}],"curies":[{"name":"wp","href":"https:\/\/api.w.org\/{rel}","templated":true}]}}