{"id":368,"date":"2023-02-21T00:13:31","date_gmt":"2023-02-20T23:13:31","guid":{"rendered":"http:\/\/wordpress.p635618.webspaceconfig.de\/?page_id=368"},"modified":"2023-02-21T00:13:45","modified_gmt":"2023-02-20T23:13:45","slug":"introitussonographie","status":"publish","type":"page","link":"https:\/\/gyn-krizic.com\/en\/leistungen\/introitussonographie\/","title":{"rendered":"Introitussonographie"},"content":{"rendered":"<div data-elementor-type=\"wp-page\" data-elementor-id=\"368\" class=\"elementor elementor-368\" data-elementor-settings=\"{&quot;premium_particles_zindex&quot;:0,&quot;premium_particles_responsive&quot;:[&quot;desktop&quot;,&quot;tablet&quot;,&quot;mobile&quot;]}\" data-elementor-post-type=\"page\">\n\t\t\t\t\t\t<section class=\"elementor-section elementor-top-section elementor-element elementor-element-a622cf3 elementor-section-boxed elementor-section-height-default elementor-section-height-default\" data-id=\"a622cf3\" data-element_type=\"section\" data-settings=\"{&quot;premium_particles_zindex&quot;:0,&quot;premium_particles_responsive&quot;:[&quot;desktop&quot;,&quot;tablet&quot;,&quot;mobile&quot;]}\">\n\t\t\t\t\t\t<div class=\"elementor-container elementor-column-gap-default\">\n\t\t\t\t\t<div class=\"elementor-column elementor-col-100 elementor-top-column elementor-element elementor-element-5226ab3\" data-id=\"5226ab3\" data-element_type=\"column\" data-settings=\"{&quot;premium_particles_zindex&quot;:0,&quot;premium_particles_responsive&quot;:[&quot;desktop&quot;,&quot;tablet&quot;,&quot;mobile&quot;]}\">\n\t\t\t<div class=\"elementor-widget-wrap elementor-element-populated\">\n\t\t\t\t\t\t<div class=\"elementor-element elementor-element-0b7390d elementor-widget elementor-widget-text-editor\" data-id=\"0b7390d\" data-element_type=\"widget\" data-widget_type=\"text-editor.default\">\n\t\t\t\t<div class=\"elementor-widget-container\">\n\t\t\t<style>\/*! elementor - v3.19.0 - 07-02-2024 *\/\n.elementor-widget-text-editor.elementor-drop-cap-view-stacked .elementor-drop-cap{background-color:#69727d;color:#fff}.elementor-widget-text-editor.elementor-drop-cap-view-framed .elementor-drop-cap{color:#69727d;border:3px solid;background-color:transparent}.elementor-widget-text-editor:not(.elementor-drop-cap-view-default) .elementor-drop-cap{margin-top:8px}.elementor-widget-text-editor:not(.elementor-drop-cap-view-default) .elementor-drop-cap-letter{width:1em;height:1em}.elementor-widget-text-editor .elementor-drop-cap{float:left;text-align:center;line-height:1;font-size:50px}.elementor-widget-text-editor .elementor-drop-cap-letter{display:inline-block}<\/style>\t\t\t\t<p>Die Introitussonographie ist eine Ultraschalluntersuchung, die dazu verwendet wird, den Zustand des Geb\u00e4rmutterhalses und des Geb\u00e4rmutterhalskanals (Introitus) zu untersuchen. Diese Untersuchung ist besonders hilfreich bei der Diagn von Zust\u00e4nden wie Zervixinsuffizienz, Zervixkarzinom oder unerf\u00fclltem Kinderwunsch. Die Untersuchung erfolgt durch Einf\u00fchren eines Ultraschallkopfes in den Geb\u00e4rmutterhalskanal und kann sowohl in der Schwangerschaft als auch im nicht-schwangeren Zustand durchgef\u00fchrt werden. Die Introitussonographie ist eine sichere und schmerzlose Untersuchungsmethode und erm\u00f6glicht eine genaue Beurteilung des Zustands des Geb\u00e4rmutterhalses.<\/p>\t\t\t\t\t\t<\/div>\n\t\t\t\t<\/div>\n\t\t\t\t\t<\/div>\n\t\t<\/div>\n\t\t\t\t\t<\/div>\n\t\t<\/section>\n\t\t\t\t<\/div>","protected":false},"excerpt":{"rendered":"<p>Die Introitussonographie ist eine Ultraschalluntersuchung, die dazu verwendet wird, den Zustand des Geb\u00e4rmutterhalses und des Geb\u00e4rmutterhalskanals (Introitus) zu untersuchen. Diese Untersuchung ist besonders hilfreich bei der Diagn von Zust\u00e4nden wie Zervixinsuffizienz, Zervixkarzinom oder unerf\u00fclltem Kinderwunsch. Die Untersuchung erfolgt durch Einf\u00fchren eines Ultraschallkopfes in den Geb\u00e4rmutterhalskanal und kann sowohl in der Schwangerschaft als auch im nicht-schwangeren [&hellip;]<\/p>","protected":false},"author":3,"featured_media":0,"parent":239,"menu_order":0,"comment_status":"closed","ping_status":"closed","template":"","meta":{"_acf_changed":false,"footnotes":""},"class_list":["post-368","page","type-page","status-publish","hentry"],"acf":[],"_links":{"self":[{"href":"https:\/\/gyn-krizic.com\/en\/wp-json\/wp\/v2\/pages\/368","targetHints":{"allow":["GET"]}}],"collection":[{"href":"https:\/\/gyn-krizic.com\/en\/wp-json\/wp\/v2\/pages"}],"about":[{"href":"https:\/\/gyn-krizic.com\/en\/wp-json\/wp\/v2\/types\/page"}],"author":[{"embeddable":true,"href":"https:\/\/gyn-krizic.com\/en\/wp-json\/wp\/v2\/users\/3"}],"replies":[{"embeddable":true,"href":"https:\/\/gyn-krizic.com\/en\/wp-json\/wp\/v2\/comments?post=368"}],"version-history":[{"count":4,"href":"https:\/\/gyn-krizic.com\/en\/wp-json\/wp\/v2\/pages\/368\/revisions"}],"predecessor-version":[{"id":372,"href":"https:\/\/gyn-krizic.com\/en\/wp-json\/wp\/v2\/pages\/368\/revisions\/372"}],"up":[{"embeddable":true,"href":"https:\/\/gyn-krizic.com\/en\/wp-json\/wp\/v2\/pages\/239"}],"wp:attachment":[{"href":"https:\/\/gyn-krizic.com\/en\/wp-json\/wp\/v2\/media?parent=368"}],"curies":[{"name":"wp","href":"https:\/\/api.w.org\/{rel}","templated":true}]}}