{"id":383,"date":"2023-02-21T00:15:13","date_gmt":"2023-02-20T23:15:13","guid":{"rendered":"http:\/\/wordpress.p635618.webspaceconfig.de\/?page_id=383"},"modified":"2023-02-21T00:15:22","modified_gmt":"2023-02-20T23:15:22","slug":"bauchspiegelungen","status":"publish","type":"page","link":"https:\/\/gyn-krizic.com\/en\/leistungen\/bauchspiegelungen\/","title":{"rendered":"Laparoscopies"},"content":{"rendered":"<div data-elementor-type=\"wp-page\" data-elementor-id=\"383\" class=\"elementor elementor-383\" data-elementor-settings=\"{&quot;premium_particles_zindex&quot;:0,&quot;premium_particles_responsive&quot;:[&quot;desktop&quot;,&quot;tablet&quot;,&quot;mobile&quot;]}\" data-elementor-post-type=\"page\">\n\t\t\t\t\t\t<section class=\"elementor-section elementor-top-section elementor-element elementor-element-a622cf3 elementor-section-boxed elementor-section-height-default elementor-section-height-default\" data-id=\"a622cf3\" data-element_type=\"section\" data-settings=\"{&quot;premium_particles_zindex&quot;:0,&quot;premium_particles_responsive&quot;:[&quot;desktop&quot;,&quot;tablet&quot;,&quot;mobile&quot;]}\">\n\t\t\t\t\t\t<div class=\"elementor-container elementor-column-gap-default\">\n\t\t\t\t\t<div class=\"elementor-column elementor-col-100 elementor-top-column elementor-element elementor-element-5226ab3\" data-id=\"5226ab3\" data-element_type=\"column\" data-settings=\"{&quot;premium_particles_zindex&quot;:0,&quot;premium_particles_responsive&quot;:[&quot;desktop&quot;,&quot;tablet&quot;,&quot;mobile&quot;]}\">\n\t\t\t<div class=\"elementor-widget-wrap elementor-element-populated\">\n\t\t\t\t\t\t<div class=\"elementor-element elementor-element-0b7390d elementor-widget elementor-widget-text-editor\" data-id=\"0b7390d\" data-element_type=\"widget\" data-widget_type=\"text-editor.default\">\n\t\t\t\t<div class=\"elementor-widget-container\">\n\t\t\t<style>\/*! elementor - v3.19.0 - 07-02-2024 *\/\n.elementor-widget-text-editor.elementor-drop-cap-view-stacked .elementor-drop-cap{background-color:#69727d;color:#fff}.elementor-widget-text-editor.elementor-drop-cap-view-framed .elementor-drop-cap{color:#69727d;border:3px solid;background-color:transparent}.elementor-widget-text-editor:not(.elementor-drop-cap-view-default) .elementor-drop-cap{margin-top:8px}.elementor-widget-text-editor:not(.elementor-drop-cap-view-default) .elementor-drop-cap-letter{width:1em;height:1em}.elementor-widget-text-editor .elementor-drop-cap{float:left;text-align:center;line-height:1;font-size:50px}.elementor-widget-text-editor .elementor-drop-cap-letter{display:inline-block}<\/style>\t\t\t\t<p>Bauchspiegelungen, auch Laparoskopie genannt, sind ein minimal-invasiver Eingriff, bei dem ein Arzt durch kleine Schnitte in der Bauchdecke eine Kamera und Instrumente einf\u00fchrt, um die Organe im Bauchraum zu untersuchen und gegebenenfalls zu behandeln. Diese Art der Untersuchung wird h\u00e4ufig bei gyn\u00e4kologischen Erkrankungen wie Myomen, Unfruchtbarkeit oder Eierstockzysten durchgef\u00fchrt.<\/p><p>Es ist verst\u00e4ndlich, dass Sie vor einer Bauchspiegelung nerv\u00f6s sein k\u00f6nnen. Wir versichern Ihnen, dass wir uns bem\u00fchen, den Eingriff so sicher und angenehm wie m\u00f6glich zu gestalten. In der Regel werden Sie w\u00e4hrend der Operation unter Vollnarkose stehen und danach f\u00fcr ein paar Stunden zur Beobachtung im Aufwachraum bleiben. Normalerweise k\u00f6nnen die Patienten am Tag nach der Operation nach Hause gehen und innerhalb von ein paar Tagen ihre normale T\u00e4tigkeit wieder aufnehmen.<\/p><p>Es ist wichtig, dass Sie mit uns \u00fcber alle Fragen oder Bedenken sprechen, die Sie vor, w\u00e4hrend oder nach der Bauchspiegelung haben. Wir sind hier, um Ihnen zu helfen und Sie auf jedem Schritt des Weges zu unterst\u00fctzen.<\/p>\t\t\t\t\t\t<\/div>\n\t\t\t\t<\/div>\n\t\t\t\t\t<\/div>\n\t\t<\/div>\n\t\t\t\t\t<\/div>\n\t\t<\/section>\n\t\t\t\t<\/div>","protected":false},"excerpt":{"rendered":"<p>Bauchspiegelungen, auch Laparoskopie genannt, sind ein minimal-invasiver Eingriff, bei dem ein Arzt durch kleine Schnitte in der Bauchdecke eine Kamera und Instrumente einf\u00fchrt, um die Organe im Bauchraum zu untersuchen und gegebenenfalls zu behandeln. Diese Art der Untersuchung wird h\u00e4ufig bei gyn\u00e4kologischen Erkrankungen wie Myomen, Unfruchtbarkeit oder Eierstockzysten durchgef\u00fchrt. Es ist verst\u00e4ndlich, dass Sie vor [&hellip;]<\/p>","protected":false},"author":3,"featured_media":0,"parent":239,"menu_order":0,"comment_status":"closed","ping_status":"closed","template":"","meta":{"_acf_changed":false,"footnotes":""},"class_list":["post-383","page","type-page","status-publish","hentry"],"acf":[],"_links":{"self":[{"href":"https:\/\/gyn-krizic.com\/en\/wp-json\/wp\/v2\/pages\/383","targetHints":{"allow":["GET"]}}],"collection":[{"href":"https:\/\/gyn-krizic.com\/en\/wp-json\/wp\/v2\/pages"}],"about":[{"href":"https:\/\/gyn-krizic.com\/en\/wp-json\/wp\/v2\/types\/page"}],"author":[{"embeddable":true,"href":"https:\/\/gyn-krizic.com\/en\/wp-json\/wp\/v2\/users\/3"}],"replies":[{"embeddable":true,"href":"https:\/\/gyn-krizic.com\/en\/wp-json\/wp\/v2\/comments?post=383"}],"version-history":[{"count":4,"href":"https:\/\/gyn-krizic.com\/en\/wp-json\/wp\/v2\/pages\/383\/revisions"}],"predecessor-version":[{"id":387,"href":"https:\/\/gyn-krizic.com\/en\/wp-json\/wp\/v2\/pages\/383\/revisions\/387"}],"up":[{"embeddable":true,"href":"https:\/\/gyn-krizic.com\/en\/wp-json\/wp\/v2\/pages\/239"}],"wp:attachment":[{"href":"https:\/\/gyn-krizic.com\/en\/wp-json\/wp\/v2\/media?parent=383"}],"curies":[{"name":"wp","href":"https:\/\/api.w.org\/{rel}","templated":true}]}}