{"id":398,"date":"2023-02-21T00:16:36","date_gmt":"2023-02-20T23:16:36","guid":{"rendered":"http:\/\/wordpress.p635618.webspaceconfig.de\/?page_id=398"},"modified":"2023-02-21T00:16:46","modified_gmt":"2023-02-20T23:16:46","slug":"blasenspiegelungen","status":"publish","type":"page","link":"https:\/\/gyn-krizic.com\/en\/leistungen\/blasenspiegelungen\/","title":{"rendered":"Blasenspiegelungen"},"content":{"rendered":"<div data-elementor-type=\"wp-page\" data-elementor-id=\"398\" class=\"elementor elementor-398\" data-elementor-settings=\"{&quot;premium_particles_zindex&quot;:0,&quot;premium_particles_responsive&quot;:[&quot;desktop&quot;,&quot;tablet&quot;,&quot;mobile&quot;]}\" data-elementor-post-type=\"page\">\n\t\t\t\t\t\t<section class=\"elementor-section elementor-top-section elementor-element elementor-element-a622cf3 elementor-section-boxed elementor-section-height-default elementor-section-height-default\" data-id=\"a622cf3\" data-element_type=\"section\" data-settings=\"{&quot;premium_particles_zindex&quot;:0,&quot;premium_particles_responsive&quot;:[&quot;desktop&quot;,&quot;tablet&quot;,&quot;mobile&quot;]}\">\n\t\t\t\t\t\t<div class=\"elementor-container elementor-column-gap-default\">\n\t\t\t\t\t<div class=\"elementor-column elementor-col-100 elementor-top-column elementor-element elementor-element-5226ab3\" data-id=\"5226ab3\" data-element_type=\"column\" data-settings=\"{&quot;premium_particles_zindex&quot;:0,&quot;premium_particles_responsive&quot;:[&quot;desktop&quot;,&quot;tablet&quot;,&quot;mobile&quot;]}\">\n\t\t\t<div class=\"elementor-widget-wrap elementor-element-populated\">\n\t\t\t\t\t\t<div class=\"elementor-element elementor-element-0b7390d elementor-widget elementor-widget-text-editor\" data-id=\"0b7390d\" data-element_type=\"widget\" data-widget_type=\"text-editor.default\">\n\t\t\t\t<div class=\"elementor-widget-container\">\n\t\t\t<style>\/*! elementor - v3.19.0 - 07-02-2024 *\/\n.elementor-widget-text-editor.elementor-drop-cap-view-stacked .elementor-drop-cap{background-color:#69727d;color:#fff}.elementor-widget-text-editor.elementor-drop-cap-view-framed .elementor-drop-cap{color:#69727d;border:3px solid;background-color:transparent}.elementor-widget-text-editor:not(.elementor-drop-cap-view-default) .elementor-drop-cap{margin-top:8px}.elementor-widget-text-editor:not(.elementor-drop-cap-view-default) .elementor-drop-cap-letter{width:1em;height:1em}.elementor-widget-text-editor .elementor-drop-cap{float:left;text-align:center;line-height:1;font-size:50px}.elementor-widget-text-editor .elementor-drop-cap-letter{display:inline-block}<\/style>\t\t\t\t<p>Eine Blasenspiegelung, auch als Zystoskopie bezeichnet, ist ein Verfahren, bei dem der Arzt ein kleines Instrument, genannt Zystoskop, durch die Harnr\u00f6hre einf\u00fchrt, um die Blase zu untersuchen. Diese Untersuchung erm\u00f6glicht es dem Arzt, eventuelle Ver\u00e4nderungen oder Probleme in der Blase, wie zum Beispiel Entz\u00fcndungen oder Tumoren, zu erkennen.<\/p><p>Das Verfahren dauert in der Regel nur wenige Minuten und wird in der Regel ambulant durchgef\u00fchrt. Es kann jedoch ein leichtes Unbehagen w\u00e4hrend der Untersuchung verursachen. Der Arzt wird jedoch alles tun, um Ihnen eine angenehme und sichere Untersuchung zu bieten und Ihre Fragen vor und nach dem Verfahren zu beantworten.<\/p>\t\t\t\t\t\t<\/div>\n\t\t\t\t<\/div>\n\t\t\t\t\t<\/div>\n\t\t<\/div>\n\t\t\t\t\t<\/div>\n\t\t<\/section>\n\t\t\t\t<\/div>","protected":false},"excerpt":{"rendered":"<p>Eine Blasenspiegelung, auch als Zystoskopie bezeichnet, ist ein Verfahren, bei dem der Arzt ein kleines Instrument, genannt Zystoskop, durch die Harnr\u00f6hre einf\u00fchrt, um die Blase zu untersuchen. Diese Untersuchung erm\u00f6glicht es dem Arzt, eventuelle Ver\u00e4nderungen oder Probleme in der Blase, wie zum Beispiel Entz\u00fcndungen oder Tumoren, zu erkennen. Das Verfahren dauert in der Regel nur [&hellip;]<\/p>","protected":false},"author":3,"featured_media":0,"parent":239,"menu_order":0,"comment_status":"closed","ping_status":"closed","template":"","meta":{"_acf_changed":false,"footnotes":""},"class_list":["post-398","page","type-page","status-publish","hentry"],"acf":[],"_links":{"self":[{"href":"https:\/\/gyn-krizic.com\/en\/wp-json\/wp\/v2\/pages\/398","targetHints":{"allow":["GET"]}}],"collection":[{"href":"https:\/\/gyn-krizic.com\/en\/wp-json\/wp\/v2\/pages"}],"about":[{"href":"https:\/\/gyn-krizic.com\/en\/wp-json\/wp\/v2\/types\/page"}],"author":[{"embeddable":true,"href":"https:\/\/gyn-krizic.com\/en\/wp-json\/wp\/v2\/users\/3"}],"replies":[{"embeddable":true,"href":"https:\/\/gyn-krizic.com\/en\/wp-json\/wp\/v2\/comments?post=398"}],"version-history":[{"count":4,"href":"https:\/\/gyn-krizic.com\/en\/wp-json\/wp\/v2\/pages\/398\/revisions"}],"predecessor-version":[{"id":402,"href":"https:\/\/gyn-krizic.com\/en\/wp-json\/wp\/v2\/pages\/398\/revisions\/402"}],"up":[{"embeddable":true,"href":"https:\/\/gyn-krizic.com\/en\/wp-json\/wp\/v2\/pages\/239"}],"wp:attachment":[{"href":"https:\/\/gyn-krizic.com\/en\/wp-json\/wp\/v2\/media?parent=398"}],"curies":[{"name":"wp","href":"https:\/\/api.w.org\/{rel}","templated":true}]}}