{"id":403,"date":"2023-02-21T00:17:08","date_gmt":"2023-02-20T23:17:08","guid":{"rendered":"http:\/\/wordpress.p635618.webspaceconfig.de\/?page_id=403"},"modified":"2023-02-21T00:17:17","modified_gmt":"2023-02-20T23:17:17","slug":"hysteroskopie-diagnostisch","status":"publish","type":"page","link":"https:\/\/gyn-krizic.com\/en\/leistungen\/hysteroskopie-diagnostisch\/","title":{"rendered":"Hysteroskopie diagnostisch"},"content":{"rendered":"<div data-elementor-type=\"wp-page\" data-elementor-id=\"403\" class=\"elementor elementor-403\" data-elementor-settings=\"{&quot;premium_particles_zindex&quot;:0,&quot;premium_particles_responsive&quot;:[&quot;desktop&quot;,&quot;tablet&quot;,&quot;mobile&quot;]}\" data-elementor-post-type=\"page\">\n\t\t\t\t\t\t<section class=\"elementor-section elementor-top-section elementor-element elementor-element-a622cf3 elementor-section-boxed elementor-section-height-default elementor-section-height-default\" data-id=\"a622cf3\" data-element_type=\"section\" data-settings=\"{&quot;premium_particles_zindex&quot;:0,&quot;premium_particles_responsive&quot;:[&quot;desktop&quot;,&quot;tablet&quot;,&quot;mobile&quot;]}\">\n\t\t\t\t\t\t<div class=\"elementor-container elementor-column-gap-default\">\n\t\t\t\t\t<div class=\"elementor-column elementor-col-100 elementor-top-column elementor-element elementor-element-5226ab3\" data-id=\"5226ab3\" data-element_type=\"column\" data-settings=\"{&quot;premium_particles_zindex&quot;:0,&quot;premium_particles_responsive&quot;:[&quot;desktop&quot;,&quot;tablet&quot;,&quot;mobile&quot;]}\">\n\t\t\t<div class=\"elementor-widget-wrap elementor-element-populated\">\n\t\t\t\t\t\t<div class=\"elementor-element elementor-element-0b7390d elementor-widget elementor-widget-text-editor\" data-id=\"0b7390d\" data-element_type=\"widget\" data-widget_type=\"text-editor.default\">\n\t\t\t\t<div class=\"elementor-widget-container\">\n\t\t\t<style>\/*! elementor - v3.19.0 - 07-02-2024 *\/\n.elementor-widget-text-editor.elementor-drop-cap-view-stacked .elementor-drop-cap{background-color:#69727d;color:#fff}.elementor-widget-text-editor.elementor-drop-cap-view-framed .elementor-drop-cap{color:#69727d;border:3px solid;background-color:transparent}.elementor-widget-text-editor:not(.elementor-drop-cap-view-default) .elementor-drop-cap{margin-top:8px}.elementor-widget-text-editor:not(.elementor-drop-cap-view-default) .elementor-drop-cap-letter{width:1em;height:1em}.elementor-widget-text-editor .elementor-drop-cap{float:left;text-align:center;line-height:1;font-size:50px}.elementor-widget-text-editor .elementor-drop-cap-letter{display:inline-block}<\/style>\t\t\t\t<p>Eine Hysteroskopie ist eine Methode, bei der ein kleines Instrument (Hysteroskop) \u00fcber die Geb\u00e4rmutterh\u00f6hle eingef\u00fchrt wird, um die Geb\u00e4rmutter von innen zu untersuchen. Diese Methode erm\u00f6glicht es uns, Ver\u00e4nderungen in der Geb\u00e4rmutter wie Myome, Polypen oder Verwachsungen zu erkennen und gegebenenfalls zu entfernen.<\/p><p>Die Untersuchung ist in der Regel gut vertr\u00e4glich und wird unter einer leichten Narkose durchgef\u00fchrt. Nach der Untersuchung kann es zu leichten Zwischenblutungen oder Unterleibsschmerzen kommen, die jedoch in der Regel innerhalb weniger Tage verschwinden.<\/p><p>Es ist wichtig zu betonen, dass wir uns w\u00e4hrend der Untersuchung und Behandlung Zeit nehmen, um Ihre Fragen und Bedenken zu besprechen und Ihnen eine empathische und verst\u00e4ndliche Erkl\u00e4rung zu geben. Durch die Hysteroskopie k\u00f6nnen wir oft genauere Diagn stellen und gezielter behandeln.<\/p>\t\t\t\t\t\t<\/div>\n\t\t\t\t<\/div>\n\t\t\t\t\t<\/div>\n\t\t<\/div>\n\t\t\t\t\t<\/div>\n\t\t<\/section>\n\t\t\t\t<\/div>","protected":false},"excerpt":{"rendered":"<p>Eine Hysteroskopie ist eine Methode, bei der ein kleines Instrument (Hysteroskop) \u00fcber die Geb\u00e4rmutterh\u00f6hle eingef\u00fchrt wird, um die Geb\u00e4rmutter von innen zu untersuchen. Diese Methode erm\u00f6glicht es uns, Ver\u00e4nderungen in der Geb\u00e4rmutter wie Myome, Polypen oder Verwachsungen zu erkennen und gegebenenfalls zu entfernen. Die Untersuchung ist in der Regel gut vertr\u00e4glich und wird unter einer [&hellip;]<\/p>","protected":false},"author":3,"featured_media":0,"parent":239,"menu_order":0,"comment_status":"closed","ping_status":"closed","template":"","meta":{"_acf_changed":false,"footnotes":""},"class_list":["post-403","page","type-page","status-publish","hentry"],"acf":[],"_links":{"self":[{"href":"https:\/\/gyn-krizic.com\/en\/wp-json\/wp\/v2\/pages\/403","targetHints":{"allow":["GET"]}}],"collection":[{"href":"https:\/\/gyn-krizic.com\/en\/wp-json\/wp\/v2\/pages"}],"about":[{"href":"https:\/\/gyn-krizic.com\/en\/wp-json\/wp\/v2\/types\/page"}],"author":[{"embeddable":true,"href":"https:\/\/gyn-krizic.com\/en\/wp-json\/wp\/v2\/users\/3"}],"replies":[{"embeddable":true,"href":"https:\/\/gyn-krizic.com\/en\/wp-json\/wp\/v2\/comments?post=403"}],"version-history":[{"count":4,"href":"https:\/\/gyn-krizic.com\/en\/wp-json\/wp\/v2\/pages\/403\/revisions"}],"predecessor-version":[{"id":407,"href":"https:\/\/gyn-krizic.com\/en\/wp-json\/wp\/v2\/pages\/403\/revisions\/407"}],"up":[{"embeddable":true,"href":"https:\/\/gyn-krizic.com\/en\/wp-json\/wp\/v2\/pages\/239"}],"wp:attachment":[{"href":"https:\/\/gyn-krizic.com\/en\/wp-json\/wp\/v2\/media?parent=403"}],"curies":[{"name":"wp","href":"https:\/\/api.w.org\/{rel}","templated":true}]}}