{"id":423,"date":"2023-02-21T00:19:06","date_gmt":"2023-02-20T23:19:06","guid":{"rendered":"http:\/\/wordpress.p635618.webspaceconfig.de\/?page_id=423"},"modified":"2023-02-21T00:19:18","modified_gmt":"2023-02-20T23:19:18","slug":"zystenentfernung","status":"publish","type":"page","link":"https:\/\/gyn-krizic.com\/en\/leistungen\/zystenentfernung\/","title":{"rendered":"Zystenentfernung"},"content":{"rendered":"<div data-elementor-type=\"wp-page\" data-elementor-id=\"423\" class=\"elementor elementor-423\" data-elementor-settings=\"{&quot;premium_particles_zindex&quot;:0,&quot;premium_particles_responsive&quot;:[&quot;desktop&quot;,&quot;tablet&quot;,&quot;mobile&quot;]}\" data-elementor-post-type=\"page\">\n\t\t\t\t\t\t<section class=\"elementor-section elementor-top-section elementor-element elementor-element-a622cf3 elementor-section-boxed elementor-section-height-default elementor-section-height-default\" data-id=\"a622cf3\" data-element_type=\"section\" data-settings=\"{&quot;premium_particles_zindex&quot;:0,&quot;premium_particles_responsive&quot;:[&quot;desktop&quot;,&quot;tablet&quot;,&quot;mobile&quot;]}\">\n\t\t\t\t\t\t<div class=\"elementor-container elementor-column-gap-default\">\n\t\t\t\t\t<div class=\"elementor-column elementor-col-100 elementor-top-column elementor-element elementor-element-5226ab3\" data-id=\"5226ab3\" data-element_type=\"column\" data-settings=\"{&quot;premium_particles_zindex&quot;:0,&quot;premium_particles_responsive&quot;:[&quot;desktop&quot;,&quot;tablet&quot;,&quot;mobile&quot;]}\">\n\t\t\t<div class=\"elementor-widget-wrap elementor-element-populated\">\n\t\t\t\t\t\t<div class=\"elementor-element elementor-element-0b7390d elementor-widget elementor-widget-text-editor\" data-id=\"0b7390d\" data-element_type=\"widget\" data-widget_type=\"text-editor.default\">\n\t\t\t\t<div class=\"elementor-widget-container\">\n\t\t\t<style>\/*! elementor - v3.19.0 - 07-02-2024 *\/\n.elementor-widget-text-editor.elementor-drop-cap-view-stacked .elementor-drop-cap{background-color:#69727d;color:#fff}.elementor-widget-text-editor.elementor-drop-cap-view-framed .elementor-drop-cap{color:#69727d;border:3px solid;background-color:transparent}.elementor-widget-text-editor:not(.elementor-drop-cap-view-default) .elementor-drop-cap{margin-top:8px}.elementor-widget-text-editor:not(.elementor-drop-cap-view-default) .elementor-drop-cap-letter{width:1em;height:1em}.elementor-widget-text-editor .elementor-drop-cap{float:left;text-align:center;line-height:1;font-size:50px}.elementor-widget-text-editor .elementor-drop-cap-letter{display:inline-block}<\/style>\t\t\t\t<p>Eine Zyste ist eine Fl\u00fcssigkeit gef\u00fcllte Schicht, die sich in verschiedenen Teilen des weiblichen K\u00f6rpers bilden kann, einschlie\u00dflich der Eierst\u00f6cke. Zysten sind in der Regel harmlos, aber manche k\u00f6nnen Schmerzen oder Unbehagen verursachen oder in seltenen F\u00e4llen auch b\u00f6sartig sein.<\/p><p>Die Entfernung von Zysten erfolgt in der Regel durch eine Operation, wie eine Laparoskopie oder eine offene Operation. Diese Eingriffe erm\u00f6glichen es unseren erfahrenen \u00c4rzten, die Zyste sicher zu entfernen und eine Gewebeprobe zur genauen Diagn zu entnehmen.<\/p><p>Wir verstehen, dass die Vorstellung einer Operation be\u00e4ngstigend sein kann, deshalb sind wir hier, um Sie jeden Schritt des Weges zu unterst\u00fctzen und Ihre Bedenken zu beruhigen. Wir arbeiten eng mit Ihnen zusammen, um die beste Behandlungsoption f\u00fcr Sie zu finden und sicherzustellen, dass Sie sich w\u00e4hrend des gesamten Prozesses unterst\u00fctzt und gut informiert f\u00fchlen.<\/p>\t\t\t\t\t\t<\/div>\n\t\t\t\t<\/div>\n\t\t\t\t\t<\/div>\n\t\t<\/div>\n\t\t\t\t\t<\/div>\n\t\t<\/section>\n\t\t\t\t<\/div>","protected":false},"excerpt":{"rendered":"<p>Eine Zyste ist eine Fl\u00fcssigkeit gef\u00fcllte Schicht, die sich in verschiedenen Teilen des weiblichen K\u00f6rpers bilden kann, einschlie\u00dflich der Eierst\u00f6cke. Zysten sind in der Regel harmlos, aber manche k\u00f6nnen Schmerzen oder Unbehagen verursachen oder in seltenen F\u00e4llen auch b\u00f6sartig sein. Die Entfernung von Zysten erfolgt in der Regel durch eine Operation, wie eine Laparoskopie oder [&hellip;]<\/p>","protected":false},"author":3,"featured_media":0,"parent":239,"menu_order":0,"comment_status":"closed","ping_status":"closed","template":"","meta":{"_acf_changed":false,"footnotes":""},"class_list":["post-423","page","type-page","status-publish","hentry"],"acf":[],"_links":{"self":[{"href":"https:\/\/gyn-krizic.com\/en\/wp-json\/wp\/v2\/pages\/423","targetHints":{"allow":["GET"]}}],"collection":[{"href":"https:\/\/gyn-krizic.com\/en\/wp-json\/wp\/v2\/pages"}],"about":[{"href":"https:\/\/gyn-krizic.com\/en\/wp-json\/wp\/v2\/types\/page"}],"author":[{"embeddable":true,"href":"https:\/\/gyn-krizic.com\/en\/wp-json\/wp\/v2\/users\/3"}],"replies":[{"embeddable":true,"href":"https:\/\/gyn-krizic.com\/en\/wp-json\/wp\/v2\/comments?post=423"}],"version-history":[{"count":4,"href":"https:\/\/gyn-krizic.com\/en\/wp-json\/wp\/v2\/pages\/423\/revisions"}],"predecessor-version":[{"id":427,"href":"https:\/\/gyn-krizic.com\/en\/wp-json\/wp\/v2\/pages\/423\/revisions\/427"}],"up":[{"embeddable":true,"href":"https:\/\/gyn-krizic.com\/en\/wp-json\/wp\/v2\/pages\/239"}],"wp:attachment":[{"href":"https:\/\/gyn-krizic.com\/en\/wp-json\/wp\/v2\/media?parent=423"}],"curies":[{"name":"wp","href":"https:\/\/api.w.org\/{rel}","templated":true}]}}