{"id":433,"date":"2023-02-21T00:29:03","date_gmt":"2023-02-20T23:29:03","guid":{"rendered":"http:\/\/wordpress.p635618.webspaceconfig.de\/?page_id=433"},"modified":"2023-02-21T00:29:16","modified_gmt":"2023-02-20T23:29:16","slug":"sanierung-einer-senkung","status":"publish","type":"page","link":"https:\/\/gyn-krizic.com\/en\/leistungen\/sanierung-einer-senkung\/","title":{"rendered":"Sanierung einer Senkung"},"content":{"rendered":"<div data-elementor-type=\"wp-page\" data-elementor-id=\"433\" class=\"elementor elementor-433\" data-elementor-settings=\"{&quot;premium_particles_zindex&quot;:0,&quot;premium_particles_responsive&quot;:[&quot;desktop&quot;,&quot;tablet&quot;,&quot;mobile&quot;]}\" data-elementor-post-type=\"page\">\n\t\t\t\t\t\t<section class=\"elementor-section elementor-top-section elementor-element elementor-element-a622cf3 elementor-section-boxed elementor-section-height-default elementor-section-height-default\" data-id=\"a622cf3\" data-element_type=\"section\" data-settings=\"{&quot;premium_particles_zindex&quot;:0,&quot;premium_particles_responsive&quot;:[&quot;desktop&quot;,&quot;tablet&quot;,&quot;mobile&quot;]}\">\n\t\t\t\t\t\t<div class=\"elementor-container elementor-column-gap-default\">\n\t\t\t\t\t<div class=\"elementor-column elementor-col-100 elementor-top-column elementor-element elementor-element-5226ab3\" data-id=\"5226ab3\" data-element_type=\"column\" data-settings=\"{&quot;premium_particles_zindex&quot;:0,&quot;premium_particles_responsive&quot;:[&quot;desktop&quot;,&quot;tablet&quot;,&quot;mobile&quot;]}\">\n\t\t\t<div class=\"elementor-widget-wrap elementor-element-populated\">\n\t\t\t\t\t\t<div class=\"elementor-element elementor-element-0b7390d elementor-widget elementor-widget-text-editor\" data-id=\"0b7390d\" data-element_type=\"widget\" data-widget_type=\"text-editor.default\">\n\t\t\t\t<div class=\"elementor-widget-container\">\n\t\t\t<style>\/*! elementor - v3.19.0 - 07-02-2024 *\/\n.elementor-widget-text-editor.elementor-drop-cap-view-stacked .elementor-drop-cap{background-color:#69727d;color:#fff}.elementor-widget-text-editor.elementor-drop-cap-view-framed .elementor-drop-cap{color:#69727d;border:3px solid;background-color:transparent}.elementor-widget-text-editor:not(.elementor-drop-cap-view-default) .elementor-drop-cap{margin-top:8px}.elementor-widget-text-editor:not(.elementor-drop-cap-view-default) .elementor-drop-cap-letter{width:1em;height:1em}.elementor-widget-text-editor .elementor-drop-cap{float:left;text-align:center;line-height:1;font-size:50px}.elementor-widget-text-editor .elementor-drop-cap-letter{display:inline-block}<\/style>\t\t\t\t<p>Eine Senkung ist ein Zustand, bei dem die Organe des Beckens wie die Geb\u00e4rmutter, die Harnblase oder der Darm aus ihrer normalen Position herausrutschen. Dies kann zu unangenehmen Symptomen wie Beckenschmerzen, Harninkontinenz oder Verstopfung f\u00fchren.<\/p><p>Als gyn\u00e4kologische Praxis bieten wir Ihnen die M\u00f6glichkeit einer Sanierung Ihrer Senkung. Wir werden Sie dabei individuell betreuen und gemeinsam mit Ihnen die beste Therapieoption f\u00fcr Ihren Fall finden. Dies kann eine konservative Therapie, wie Beckenboden\u00fcbungen, Medikamente und Blasentraining, beinhalten, aber auch eine Operation kann erforderlich sein. Wir verstehen, dass dies eine sensible Angelegenheit ist und werden Sie daher mit Empathie und Verst\u00e4ndnis begleiten.<\/p>\t\t\t\t\t\t<\/div>\n\t\t\t\t<\/div>\n\t\t\t\t\t<\/div>\n\t\t<\/div>\n\t\t\t\t\t<\/div>\n\t\t<\/section>\n\t\t\t\t<\/div>","protected":false},"excerpt":{"rendered":"<p>Eine Senkung ist ein Zustand, bei dem die Organe des Beckens wie die Geb\u00e4rmutter, die Harnblase oder der Darm aus ihrer normalen Position herausrutschen. Dies kann zu unangenehmen Symptomen wie Beckenschmerzen, Harninkontinenz oder Verstopfung f\u00fchren. Als gyn\u00e4kologische Praxis bieten wir Ihnen die M\u00f6glichkeit einer Sanierung Ihrer Senkung. Wir werden Sie dabei individuell betreuen und gemeinsam [&hellip;]<\/p>","protected":false},"author":3,"featured_media":0,"parent":239,"menu_order":0,"comment_status":"closed","ping_status":"closed","template":"","meta":{"_acf_changed":false,"footnotes":""},"class_list":["post-433","page","type-page","status-publish","hentry"],"acf":[],"_links":{"self":[{"href":"https:\/\/gyn-krizic.com\/en\/wp-json\/wp\/v2\/pages\/433","targetHints":{"allow":["GET"]}}],"collection":[{"href":"https:\/\/gyn-krizic.com\/en\/wp-json\/wp\/v2\/pages"}],"about":[{"href":"https:\/\/gyn-krizic.com\/en\/wp-json\/wp\/v2\/types\/page"}],"author":[{"embeddable":true,"href":"https:\/\/gyn-krizic.com\/en\/wp-json\/wp\/v2\/users\/3"}],"replies":[{"embeddable":true,"href":"https:\/\/gyn-krizic.com\/en\/wp-json\/wp\/v2\/comments?post=433"}],"version-history":[{"count":4,"href":"https:\/\/gyn-krizic.com\/en\/wp-json\/wp\/v2\/pages\/433\/revisions"}],"predecessor-version":[{"id":437,"href":"https:\/\/gyn-krizic.com\/en\/wp-json\/wp\/v2\/pages\/433\/revisions\/437"}],"up":[{"embeddable":true,"href":"https:\/\/gyn-krizic.com\/en\/wp-json\/wp\/v2\/pages\/239"}],"wp:attachment":[{"href":"https:\/\/gyn-krizic.com\/en\/wp-json\/wp\/v2\/media?parent=433"}],"curies":[{"name":"wp","href":"https:\/\/api.w.org\/{rel}","templated":true}]}}