{"id":438,"date":"2023-02-21T00:29:38","date_gmt":"2023-02-20T23:29:38","guid":{"rendered":"http:\/\/wordpress.p635618.webspaceconfig.de\/?page_id=438"},"modified":"2023-02-21T00:29:51","modified_gmt":"2023-02-20T23:29:51","slug":"vaginale-eingriffe","status":"publish","type":"page","link":"https:\/\/gyn-krizic.com\/en\/leistungen\/vaginale-eingriffe\/","title":{"rendered":"Vaginal interventions"},"content":{"rendered":"<div data-elementor-type=\"wp-page\" data-elementor-id=\"438\" class=\"elementor elementor-438\" data-elementor-settings=\"{&quot;premium_particles_zindex&quot;:0,&quot;premium_particles_responsive&quot;:[&quot;desktop&quot;,&quot;tablet&quot;,&quot;mobile&quot;]}\" data-elementor-post-type=\"page\">\n\t\t\t\t\t\t<section class=\"elementor-section elementor-top-section elementor-element elementor-element-a622cf3 elementor-section-boxed elementor-section-height-default elementor-section-height-default\" data-id=\"a622cf3\" data-element_type=\"section\" data-settings=\"{&quot;premium_particles_zindex&quot;:0,&quot;premium_particles_responsive&quot;:[&quot;desktop&quot;,&quot;tablet&quot;,&quot;mobile&quot;]}\">\n\t\t\t\t\t\t<div class=\"elementor-container elementor-column-gap-default\">\n\t\t\t\t\t<div class=\"elementor-column elementor-col-100 elementor-top-column elementor-element elementor-element-5226ab3\" data-id=\"5226ab3\" data-element_type=\"column\" data-settings=\"{&quot;premium_particles_zindex&quot;:0,&quot;premium_particles_responsive&quot;:[&quot;desktop&quot;,&quot;tablet&quot;,&quot;mobile&quot;]}\">\n\t\t\t<div class=\"elementor-widget-wrap elementor-element-populated\">\n\t\t\t\t\t\t<div class=\"elementor-element elementor-element-0b7390d elementor-widget elementor-widget-text-editor\" data-id=\"0b7390d\" data-element_type=\"widget\" data-widget_type=\"text-editor.default\">\n\t\t\t\t<div class=\"elementor-widget-container\">\n\t\t\t<style>\/*! elementor - v3.19.0 - 07-02-2024 *\/\n.elementor-widget-text-editor.elementor-drop-cap-view-stacked .elementor-drop-cap{background-color:#69727d;color:#fff}.elementor-widget-text-editor.elementor-drop-cap-view-framed .elementor-drop-cap{color:#69727d;border:3px solid;background-color:transparent}.elementor-widget-text-editor:not(.elementor-drop-cap-view-default) .elementor-drop-cap{margin-top:8px}.elementor-widget-text-editor:not(.elementor-drop-cap-view-default) .elementor-drop-cap-letter{width:1em;height:1em}.elementor-widget-text-editor .elementor-drop-cap{float:left;text-align:center;line-height:1;font-size:50px}.elementor-widget-text-editor .elementor-drop-cap-letter{display:inline-block}<\/style>\t\t\t\t<p>Vaginale Eingriffe sind eine Art von gyn\u00e4kologischen Operationen, die durchgef\u00fchrt werden, um verschiedene Probleme im Bereich der Vagina zu behandeln. Dazu geh\u00f6ren zum Beispiel die Entfernung von Myomen, die Behandlung von Senkungen oder die Korrektur von Harninkontinenz.<\/p><p>Es ist verst\u00e4ndlich, dass Sie sich vielleicht unsicher oder besorgt f\u00fchlen, wenn Sie \u00fcber einen vaginalen Eingriff nachdenken. Unsere erfahrenen Gyn\u00e4kologen arbeiten eng mit Ihnen zusammen, um Ihre Bed\u00fcrfnisse und Sorgen zu verstehen und Ihnen die bestm\u00f6gliche Behandlung zu bieten. Wir werden Sie ausf\u00fchrlich \u00fcber die verschiedenen Behandlungsoptionen informieren und sicherstellen, dass Sie alle Informationen haben, die Sie ben\u00f6tigen, um eine informierte Entscheidung zu treffen.<\/p>\t\t\t\t\t\t<\/div>\n\t\t\t\t<\/div>\n\t\t\t\t\t<\/div>\n\t\t<\/div>\n\t\t\t\t\t<\/div>\n\t\t<\/section>\n\t\t\t\t<\/div>","protected":false},"excerpt":{"rendered":"<p>Vaginale Eingriffe sind eine Art von gyn\u00e4kologischen Operationen, die durchgef\u00fchrt werden, um verschiedene Probleme im Bereich der Vagina zu behandeln. Dazu geh\u00f6ren zum Beispiel die Entfernung von Myomen, die Behandlung von Senkungen oder die Korrektur von Harninkontinenz. Es ist verst\u00e4ndlich, dass Sie sich vielleicht unsicher oder besorgt f\u00fchlen, wenn Sie \u00fcber einen vaginalen Eingriff nachdenken. [&hellip;]<\/p>","protected":false},"author":3,"featured_media":0,"parent":239,"menu_order":0,"comment_status":"closed","ping_status":"closed","template":"","meta":{"_acf_changed":false,"footnotes":""},"class_list":["post-438","page","type-page","status-publish","hentry"],"acf":[],"_links":{"self":[{"href":"https:\/\/gyn-krizic.com\/en\/wp-json\/wp\/v2\/pages\/438","targetHints":{"allow":["GET"]}}],"collection":[{"href":"https:\/\/gyn-krizic.com\/en\/wp-json\/wp\/v2\/pages"}],"about":[{"href":"https:\/\/gyn-krizic.com\/en\/wp-json\/wp\/v2\/types\/page"}],"author":[{"embeddable":true,"href":"https:\/\/gyn-krizic.com\/en\/wp-json\/wp\/v2\/users\/3"}],"replies":[{"embeddable":true,"href":"https:\/\/gyn-krizic.com\/en\/wp-json\/wp\/v2\/comments?post=438"}],"version-history":[{"count":5,"href":"https:\/\/gyn-krizic.com\/en\/wp-json\/wp\/v2\/pages\/438\/revisions"}],"predecessor-version":[{"id":803,"href":"https:\/\/gyn-krizic.com\/en\/wp-json\/wp\/v2\/pages\/438\/revisions\/803"}],"up":[{"embeddable":true,"href":"https:\/\/gyn-krizic.com\/en\/wp-json\/wp\/v2\/pages\/239"}],"wp:attachment":[{"href":"https:\/\/gyn-krizic.com\/en\/wp-json\/wp\/v2\/media?parent=438"}],"curies":[{"name":"wp","href":"https:\/\/api.w.org\/{rel}","templated":true}]}}