{"id":804,"date":"2024-12-09T05:53:58","date_gmt":"2024-12-09T04:53:58","guid":{"rendered":"https:\/\/gyn-krizic.com\/?page_id=804"},"modified":"2024-12-09T05:53:58","modified_gmt":"2024-12-09T04:53:58","slug":"harninkontinenz","status":"publish","type":"page","link":"https:\/\/gyn-krizic.com\/en\/leistungen\/harninkontinenz\/","title":{"rendered":"Harninkontinenz"},"content":{"rendered":"<div data-elementor-type=\"wp-page\" data-elementor-id=\"804\" class=\"elementor elementor-804\" data-elementor-settings=\"{&quot;premium_particles_zindex&quot;:0,&quot;premium_particles_responsive&quot;:[&quot;desktop&quot;,&quot;tablet&quot;,&quot;mobile&quot;]}\" data-elementor-post-type=\"page\">\n\t\t\t\t\t\t<section class=\"elementor-section elementor-top-section elementor-element elementor-element-a622cf3 elementor-section-boxed elementor-section-height-default elementor-section-height-default\" data-id=\"a622cf3\" data-element_type=\"section\" data-settings=\"{&quot;premium_particles_zindex&quot;:0,&quot;premium_particles_responsive&quot;:[&quot;desktop&quot;,&quot;tablet&quot;,&quot;mobile&quot;]}\">\n\t\t\t\t\t\t<div class=\"elementor-container elementor-column-gap-default\">\n\t\t\t\t\t<div class=\"elementor-column elementor-col-100 elementor-top-column elementor-element elementor-element-5226ab3\" data-id=\"5226ab3\" data-element_type=\"column\" data-settings=\"{&quot;premium_particles_zindex&quot;:0,&quot;premium_particles_responsive&quot;:[&quot;desktop&quot;,&quot;tablet&quot;,&quot;mobile&quot;]}\">\n\t\t\t<div class=\"elementor-widget-wrap elementor-element-populated\">\n\t\t\t\t\t\t<div class=\"elementor-element elementor-element-0b7390d elementor-widget elementor-widget-text-editor\" data-id=\"0b7390d\" data-element_type=\"widget\" data-widget_type=\"text-editor.default\">\n\t\t\t\t<div class=\"elementor-widget-container\">\n\t\t\t<style>\/*! elementor - v3.19.0 - 07-02-2024 *\/\n.elementor-widget-text-editor.elementor-drop-cap-view-stacked .elementor-drop-cap{background-color:#69727d;color:#fff}.elementor-widget-text-editor.elementor-drop-cap-view-framed .elementor-drop-cap{color:#69727d;border:3px solid;background-color:transparent}.elementor-widget-text-editor:not(.elementor-drop-cap-view-default) .elementor-drop-cap{margin-top:8px}.elementor-widget-text-editor:not(.elementor-drop-cap-view-default) .elementor-drop-cap-letter{width:1em;height:1em}.elementor-widget-text-editor .elementor-drop-cap{float:left;text-align:center;line-height:1;font-size:50px}.elementor-widget-text-editor .elementor-drop-cap-letter{display:inline-block}<\/style>\t\t\t\t<p>Eine Bauchspiegelung (laparoskopische Operation) mit Chromopertubation ist ein minimal-invasiver Eingriff, der von einem Gyn\u00e4kologen durchgef\u00fchrt wird, um bestimmte gyn\u00e4kologische Erkrankungen zu diagnostizieren und zu behandeln. Durch kleine Schnitte in der Bauchdecke wird ein Laparoskop eingef\u00fchrt, ein schlankes Instrument mit einer Kamera, die es dem Arzt erm\u00f6glicht, die inneren Organe des Beckens zu sehen.<\/p><p>W\u00e4hrend der Operation wird auch eine Chromopertubation durchgef\u00fchrt, bei der ein farbiger Farbstoff in die Geb\u00e4rmutter eingef\u00fchrt wird, um eventuelle Verwachsungen oder Ver\u00e4nderungen der Geb\u00e4rmutter sichtbar zu machen.<\/p><p>Es ist wichtig zu beachten, dass eine Bauchspiegelung ein medizinischer Eingriff ist und es immer Risiken gibt, aber es wird in der Regel gut vertragen und die Patienten k\u00f6nnen schnell wieder nach Hause gehen. Wir verstehen, dass die Vorstellung einer Operation be\u00e4ngstigend sein kann, aber wir sind hier, um Sie zu unterst\u00fctzen und alle Ihre Fragen zu beantworten, damit Sie sich sicherer und informierter f\u00fchlen.<\/p>\t\t\t\t\t\t<\/div>\n\t\t\t\t<\/div>\n\t\t\t\t\t<\/div>\n\t\t<\/div>\n\t\t\t\t\t<\/div>\n\t\t<\/section>\n\t\t\t\t<\/div>","protected":false},"excerpt":{"rendered":"<p>Eine Bauchspiegelung (laparoskopische Operation) mit Chromopertubation ist ein minimal-invasiver Eingriff, der von einem Gyn\u00e4kologen durchgef\u00fchrt wird, um bestimmte gyn\u00e4kologische Erkrankungen zu diagnostizieren und zu behandeln. Durch kleine Schnitte in der Bauchdecke wird ein Laparoskop eingef\u00fchrt, ein schlankes Instrument mit einer Kamera, die es dem Arzt erm\u00f6glicht, die inneren Organe des Beckens zu sehen. W\u00e4hrend der [&hellip;]<\/p>","protected":false},"author":4,"featured_media":0,"parent":239,"menu_order":0,"comment_status":"closed","ping_status":"closed","template":"","meta":{"_acf_changed":false,"footnotes":""},"class_list":["post-804","page","type-page","status-publish","hentry"],"acf":[],"_links":{"self":[{"href":"https:\/\/gyn-krizic.com\/en\/wp-json\/wp\/v2\/pages\/804","targetHints":{"allow":["GET"]}}],"collection":[{"href":"https:\/\/gyn-krizic.com\/en\/wp-json\/wp\/v2\/pages"}],"about":[{"href":"https:\/\/gyn-krizic.com\/en\/wp-json\/wp\/v2\/types\/page"}],"author":[{"embeddable":true,"href":"https:\/\/gyn-krizic.com\/en\/wp-json\/wp\/v2\/users\/4"}],"replies":[{"embeddable":true,"href":"https:\/\/gyn-krizic.com\/en\/wp-json\/wp\/v2\/comments?post=804"}],"version-history":[{"count":1,"href":"https:\/\/gyn-krizic.com\/en\/wp-json\/wp\/v2\/pages\/804\/revisions"}],"predecessor-version":[{"id":805,"href":"https:\/\/gyn-krizic.com\/en\/wp-json\/wp\/v2\/pages\/804\/revisions\/805"}],"up":[{"embeddable":true,"href":"https:\/\/gyn-krizic.com\/en\/wp-json\/wp\/v2\/pages\/239"}],"wp:attachment":[{"href":"https:\/\/gyn-krizic.com\/en\/wp-json\/wp\/v2\/media?parent=804"}],"curies":[{"name":"wp","href":"https:\/\/api.w.org\/{rel}","templated":true}]}}