{"id":296,"date":"2023-02-17T16:59:03","date_gmt":"2023-02-17T15:59:03","guid":{"rendered":"http:\/\/wordpress.p635618.webspaceconfig.de\/?page_id=296"},"modified":"2025-12-14T18:51:38","modified_gmt":"2025-12-14T17:51:38","slug":"philosophie","status":"publish","type":"page","link":"https:\/\/gyn-krizic.com\/hr\/philosophie\/","title":{"rendered":"Philosophie"},"content":{"rendered":"<div data-elementor-type=\"wp-page\" data-elementor-id=\"296\" class=\"elementor elementor-296\" data-elementor-settings=\"{&quot;premium_particles_zindex&quot;:0,&quot;premium_particles_responsive&quot;:[&quot;desktop&quot;,&quot;tablet&quot;,&quot;mobile&quot;]}\" data-elementor-post-type=\"page\">\n\t\t\t\t\t\t<section class=\"elementor-section elementor-top-section elementor-element elementor-element-ee3bcfd elementor-section-boxed elementor-section-height-default elementor-section-height-default\" data-id=\"ee3bcfd\" data-element_type=\"section\" data-settings=\"{&quot;background_background&quot;:&quot;classic&quot;,&quot;premium_particles_zindex&quot;:0,&quot;premium_particles_responsive&quot;:[&quot;desktop&quot;,&quot;tablet&quot;,&quot;mobile&quot;]}\">\n\t\t\t\t\t\t<div class=\"elementor-container elementor-column-gap-default\">\n\t\t\t\t\t<div class=\"elementor-column elementor-col-50 elementor-top-column elementor-element elementor-element-dd41aaf\" data-id=\"dd41aaf\" data-element_type=\"column\" data-settings=\"{&quot;premium_particles_zindex&quot;:0,&quot;premium_particles_responsive&quot;:[&quot;desktop&quot;,&quot;tablet&quot;,&quot;mobile&quot;]}\">\n\t\t\t<div class=\"elementor-widget-wrap elementor-element-populated\">\n\t\t\t\t\t\t<div class=\"elementor-element elementor-element-199245c elementor-widget elementor-widget-image\" data-id=\"199245c\" data-element_type=\"widget\" data-settings=\"{&quot;sticky&quot;:&quot;top&quot;,&quot;sticky_offset&quot;:160,&quot;sticky_parent&quot;:&quot;yes&quot;,&quot;sticky_on&quot;:[&quot;desktop&quot;,&quot;tablet&quot;,&quot;mobile&quot;],&quot;sticky_effects_offset&quot;:0}\" data-widget_type=\"image.default\">\n\t\t\t\t<div class=\"elementor-widget-container\">\n\t\t\t<style>\/*! elementor - v3.19.0 - 07-02-2024 *\/\n.elementor-widget-image{text-align:center}.elementor-widget-image a{display:inline-block}.elementor-widget-image a img[src$=\".svg\"]{width:48px}.elementor-widget-image img{vertical-align:middle;display:inline-block}<\/style>\t\t\t\t\t\t\t\t\t\t<img fetchpriority=\"high\" decoding=\"async\" width=\"352\" height=\"513\" src=\"https:\/\/gyn-krizic.com\/wp-content\/uploads\/2025\/12\/Dr-Krizic-Gynaekologin-hoch.png\" class=\"attachment-large size-large wp-image-1401\" alt=\"\" srcset=\"https:\/\/gyn-krizic.com\/wp-content\/uploads\/2025\/12\/Dr-Krizic-Gynaekologin-hoch.png 352w, https:\/\/gyn-krizic.com\/wp-content\/uploads\/2025\/12\/Dr-Krizic-Gynaekologin-hoch-206x300.png 206w, https:\/\/gyn-krizic.com\/wp-content\/uploads\/2025\/12\/Dr-Krizic-Gynaekologin-hoch-8x12.png 8w\" sizes=\"(max-width: 352px) 100vw, 352px\" \/>\t\t\t\t\t\t\t\t\t\t\t\t\t<\/div>\n\t\t\t\t<\/div>\n\t\t\t\t\t<\/div>\n\t\t<\/div>\n\t\t\t\t<div class=\"elementor-column elementor-col-50 elementor-top-column elementor-element elementor-element-cfe51c0\" data-id=\"cfe51c0\" data-element_type=\"column\" data-settings=\"{&quot;premium_particles_zindex&quot;:0,&quot;premium_particles_responsive&quot;:[&quot;desktop&quot;,&quot;tablet&quot;,&quot;mobile&quot;]}\">\n\t\t\t<div class=\"elementor-widget-wrap elementor-element-populated\">\n\t\t\t\t\t\t<div class=\"elementor-element elementor-element-c6ff1e4 elementor-widget elementor-widget-heading\" data-id=\"c6ff1e4\" data-element_type=\"widget\" data-widget_type=\"heading.default\">\n\t\t\t\t<div class=\"elementor-widget-container\">\n\t\t\t<style>\/*! elementor - v3.19.0 - 07-02-2024 *\/\n.elementor-heading-title{padding:0;margin:0;line-height:1}.elementor-widget-heading .elementor-heading-title[class*=elementor-size-]>a{color:inherit;font-size:inherit;line-height:inherit}.elementor-widget-heading .elementor-heading-title.elementor-size-small{font-size:15px}.elementor-widget-heading .elementor-heading-title.elementor-size-medium{font-size:19px}.elementor-widget-heading .elementor-heading-title.elementor-size-large{font-size:29px}.elementor-widget-heading .elementor-heading-title.elementor-size-xl{font-size:39px}.elementor-widget-heading .elementor-heading-title.elementor-size-xxl{font-size:59px}<\/style><h2 class=\"elementor-heading-title elementor-size-default translation-block\">Dr. Ivana Kri\u017ei\u0107, ginekologinja sa srcem<\/h2>\t\t<\/div>\n\t\t\t\t<\/div>\n\t\t\t\t<div class=\"elementor-element elementor-element-424df3d elementor-widget elementor-widget-text-editor\" data-id=\"424df3d\" data-element_type=\"widget\" data-widget_type=\"text-editor.default\">\n\t\t\t\t<div class=\"elementor-widget-container\">\n\t\t\t<style>\/*! elementor - v3.19.0 - 07-02-2024 *\/\n.elementor-widget-text-editor.elementor-drop-cap-view-stacked .elementor-drop-cap{background-color:#69727d;color:#fff}.elementor-widget-text-editor.elementor-drop-cap-view-framed .elementor-drop-cap{color:#69727d;border:3px solid;background-color:transparent}.elementor-widget-text-editor:not(.elementor-drop-cap-view-default) .elementor-drop-cap{margin-top:8px}.elementor-widget-text-editor:not(.elementor-drop-cap-view-default) .elementor-drop-cap-letter{width:1em;height:1em}.elementor-widget-text-editor .elementor-drop-cap{float:left;text-align:center;line-height:1;font-size:50px}.elementor-widget-text-editor .elementor-drop-cap-letter{display:inline-block}<\/style>\t\t\t\t<p>Dr.med. Ivana Krizic, Fach\u00e4rztin f\u00fcr Gyn\u00e4kologie und Geburtshilfe<\/p>\t\t\t\t\t\t<\/div>\n\t\t\t\t<\/div>\n\t\t\t\t<div class=\"elementor-element elementor-element-4498277 elementor-widget elementor-widget-heading\" data-id=\"4498277\" data-element_type=\"widget\" data-widget_type=\"heading.default\">\n\t\t\t\t<div class=\"elementor-widget-container\">\n\t\t\t<h2 class=\"elementor-heading-title elementor-size-default\">Schwerpunkte: \nGyn\u00e4kologie und Urogyn\u00e4kologie<\/h2>\t\t<\/div>\n\t\t\t\t<\/div>\n\t\t\t\t<div class=\"elementor-element elementor-element-be49335 elementor-widget elementor-widget-text-editor\" data-id=\"be49335\" data-element_type=\"widget\" data-widget_type=\"text-editor.default\">\n\t\t\t\t<div class=\"elementor-widget-container\">\n\t\t\t\t\t\t\t<p>Dr. Ivana Krizic hat ihr Medizinstudium 2005 an der Universit\u00e4t Zagreb abgeschlossen und hatte bereits w\u00e4hrend ihres Studiums erste Erfahrungen in der Gyn\u00e4kologie gesammelt, was ihren Wunsch best\u00e4tigte, in diesem Fach zu arbeiten. Ihre Zeit als Not\u00e4rztin in der Notfallaufnahme und ihre Facharztausbildung in verschiedenen Krankenh\u00e4usern in Kroatien bereiteten sie optimal auf ihre Karriere als Gyn\u00e4kologin vor. Seit 2015 arbeitet sie in Deutschland und legt in ihrer Praxis gro\u00dfen Wert auf eine individuelle Betreuung ihrer Patientinnen, um ein hohes Ma\u00df an Vertrauen aufzubauen. Dr. Krizic hat ihre fach\u00e4rztliche Kompetenz im Bereich Urogyn\u00e4kologie vertieft und bietet ihren Patientinnen ein umfangreiches Leistungsspektrum. Sie ist eine erfahrene und kompetente Ansprechpartnerin f\u00fcr gyn\u00e4kologische und urogyn\u00e4kologische Anliegen.<\/p>\t\t\t\t\t\t<\/div>\n\t\t\t\t<\/div>\n\t\t\t\t<div class=\"elementor-element elementor-element-4a19a23 elementor-widget elementor-widget-heading\" data-id=\"4a19a23\" data-element_type=\"widget\" data-widget_type=\"heading.default\">\n\t\t\t\t<div class=\"elementor-widget-container\">\n\t\t\t<h2 class=\"elementor-heading-title elementor-size-default\">Unser Ansatz: Immer ganzheitlich.<\/h2>\t\t<\/div>\n\t\t\t\t<\/div>\n\t\t\t\t<div class=\"elementor-element elementor-element-13fdd39 elementor-widget elementor-widget-text-editor\" data-id=\"13fdd39\" data-element_type=\"widget\" data-widget_type=\"text-editor.default\">\n\t\t\t\t<div class=\"elementor-widget-container\">\n\t\t\t\t\t\t\t<p>Beschwerden im Unterleib k\u00f6nnen sowohl k\u00f6rperliche als auch emotionale und soziale Auswirkungen haben. Ein ganzheitlicher Ansatz bei der Behandlung dieser Beschwerden bezieht alle Aspekte des Patienten mit ein.<\/p><p>Zun\u00e4chst werden wir uns mit Ihren k\u00f6rperlichen Symptomen besch\u00e4ftigen. Dazu geh\u00f6rt die Untersuchung und Diagnose sowie die medizinische Behandlung. Die Wahl der Behandlungsmethode h\u00e4ngt von der Art und dem Ausma\u00df Ihrer Beschwerden sowie von Ihren pers\u00f6nlichen W\u00fcnschen und Bed\u00fcrfnissen ab.<\/p><p>Neben der Behandlung Ihrer k\u00f6rperlichen Symptome, ber\u00fccksichtigen wir auch die emotionalen und sozialen Aspekte, die Ihre Beschwerden beeinflussen k\u00f6nnen. Dazu geh\u00f6ren Stress, Angst, Depressionen und Beziehungsprobleme. Wir arbeiten eng mit unserem Team von Psychologen und Sozialarbeitern zusammen, um Ihnen die Unterst\u00fctzung und Beratung zu bieten, die Sie ben\u00f6tigen.<\/p><p>Unser Ziel ist es, Ihnen eine individuelle und umfassende Behandlung anzubieten, die auf Ihre Bed\u00fcrfnisse und W\u00fcnsche abgestimmt ist.<\/p>\t\t\t\t\t\t<\/div>\n\t\t\t\t<\/div>\n\t\t\t\t<div class=\"elementor-element elementor-element-65da0d8 elementor-widget elementor-widget-text-editor\" data-id=\"65da0d8\" data-element_type=\"widget\" data-widget_type=\"text-editor.default\">\n\t\t\t\t<div class=\"elementor-widget-container\">\n\t\t\t\t\t\t\t<table><tbody><tr><td><strong>2005<\/strong><\/td><td>Medizinstudium Zagreb, Kroatien<\/td><\/tr><tr><td><strong>2012<\/strong><\/td><td>Bestandene Facharztpr\u00fcfung<\/td><\/tr><tr><td><strong>2015<\/strong><\/td><td>Approbation in Deutschland<\/td><\/tr><tr><td><strong>2022<\/strong><\/td><td>Krankenhaust\u00e4tigkeit<\/td><\/tr><tr><td><strong>2023<\/strong><\/td><td>Er\u00f6ffnung und Niederlassung in Frankfurt a.M.<\/td><\/tr><\/tbody><\/table>\t\t\t\t\t\t<\/div>\n\t\t\t\t<\/div>\n\t\t\t\t<div class=\"elementor-element elementor-element-3e6fbea elementor-mobile-align-justify elementor-widget elementor-widget-button\" data-id=\"3e6fbea\" data-element_type=\"widget\" data-widget_type=\"button.default\">\n\t\t\t\t<div class=\"elementor-widget-container\">\n\t\t\t\t\t<div class=\"elementor-button-wrapper\">\n\t\t\t<a class=\"elementor-button elementor-button-link elementor-size-sm\" href=\"https:\/\/gyn-krizic.com\/hr\/termin-vereinbaren\/\">\n\t\t\t\t\t\t<span class=\"elementor-button-content-wrapper\">\n\t\t\t\t\t\t<span class=\"elementor-button-text\">Termin online buchen via Jameda<\/span>\n\t\t<\/span>\n\t\t\t\t\t<\/a>\n\t\t<\/div>\n\t\t\t\t<\/div>\n\t\t\t\t<\/div>\n\t\t\t\t\t<\/div>\n\t\t<\/div>\n\t\t\t\t\t<\/div>\n\t\t<\/section>\n\t\t\t\t<\/div>","protected":false},"excerpt":{"rendered":"<p>Dr. Ivana Krizic, Gyn\u00e4kologin aus Leidenschaft Dr.med. Ivana Krizic, Fach\u00e4rztin f\u00fcr Gyn\u00e4kologie und Geburtshilfe Schwerpunkte: Gyn\u00e4kologie und Urogyn\u00e4kologie Dr. Ivana Krizic hat ihr Medizinstudium 2005 an der Universit\u00e4t Zagreb abgeschlossen und hatte bereits w\u00e4hrend ihres Studiums erste Erfahrungen in der Gyn\u00e4kologie gesammelt, was ihren Wunsch best\u00e4tigte, in diesem Fach zu arbeiten. Ihre Zeit als Not\u00e4rztin [&hellip;]<\/p>","protected":false},"author":3,"featured_media":0,"parent":0,"menu_order":0,"comment_status":"closed","ping_status":"closed","template":"","meta":{"_acf_changed":false,"footnotes":""},"class_list":["post-296","page","type-page","status-publish","hentry"],"acf":[],"_links":{"self":[{"href":"https:\/\/gyn-krizic.com\/hr\/wp-json\/wp\/v2\/pages\/296","targetHints":{"allow":["GET"]}}],"collection":[{"href":"https:\/\/gyn-krizic.com\/hr\/wp-json\/wp\/v2\/pages"}],"about":[{"href":"https:\/\/gyn-krizic.com\/hr\/wp-json\/wp\/v2\/types\/page"}],"author":[{"embeddable":true,"href":"https:\/\/gyn-krizic.com\/hr\/wp-json\/wp\/v2\/users\/3"}],"replies":[{"embeddable":true,"href":"https:\/\/gyn-krizic.com\/hr\/wp-json\/wp\/v2\/comments?post=296"}],"version-history":[{"count":37,"href":"https:\/\/gyn-krizic.com\/hr\/wp-json\/wp\/v2\/pages\/296\/revisions"}],"predecessor-version":[{"id":1404,"href":"https:\/\/gyn-krizic.com\/hr\/wp-json\/wp\/v2\/pages\/296\/revisions\/1404"}],"wp:attachment":[{"href":"https:\/\/gyn-krizic.com\/hr\/wp-json\/wp\/v2\/media?parent=296"}],"curies":[{"name":"wp","href":"https:\/\/api.w.org\/{rel}","templated":true}]}}