{"id":378,"date":"2023-02-21T00:14:37","date_gmt":"2023-02-20T23:14:37","guid":{"rendered":"http:\/\/wordpress.p635618.webspaceconfig.de\/?page_id=378"},"modified":"2023-02-21T00:14:46","modified_gmt":"2023-02-20T23:14:46","slug":"installation-von-medikamenten-in-die-blase","status":"publish","type":"page","link":"https:\/\/gyn-krizic.com\/hr\/leistungen\/installation-von-medikamenten-in-die-blase\/","title":{"rendered":"Installation von Medikamenten in die Blase"},"content":{"rendered":"<div data-elementor-type=\"wp-page\" data-elementor-id=\"378\" class=\"elementor elementor-378\" data-elementor-settings=\"{&quot;premium_particles_zindex&quot;:0,&quot;premium_particles_responsive&quot;:[&quot;desktop&quot;,&quot;tablet&quot;,&quot;mobile&quot;]}\" data-elementor-post-type=\"page\">\n\t\t\t\t\t\t<section class=\"elementor-section elementor-top-section elementor-element elementor-element-a622cf3 elementor-section-boxed elementor-section-height-default elementor-section-height-default\" data-id=\"a622cf3\" data-element_type=\"section\" data-settings=\"{&quot;premium_particles_zindex&quot;:0,&quot;premium_particles_responsive&quot;:[&quot;desktop&quot;,&quot;tablet&quot;,&quot;mobile&quot;]}\">\n\t\t\t\t\t\t<div class=\"elementor-container elementor-column-gap-default\">\n\t\t\t\t\t<div class=\"elementor-column elementor-col-100 elementor-top-column elementor-element elementor-element-5226ab3\" data-id=\"5226ab3\" data-element_type=\"column\" data-settings=\"{&quot;premium_particles_zindex&quot;:0,&quot;premium_particles_responsive&quot;:[&quot;desktop&quot;,&quot;tablet&quot;,&quot;mobile&quot;]}\">\n\t\t\t<div class=\"elementor-widget-wrap elementor-element-populated\">\n\t\t\t\t\t\t<div class=\"elementor-element elementor-element-0b7390d elementor-widget elementor-widget-text-editor\" data-id=\"0b7390d\" data-element_type=\"widget\" data-widget_type=\"text-editor.default\">\n\t\t\t\t<div class=\"elementor-widget-container\">\n\t\t\t<style>\/*! elementor - v3.19.0 - 07-02-2024 *\/\n.elementor-widget-text-editor.elementor-drop-cap-view-stacked .elementor-drop-cap{background-color:#69727d;color:#fff}.elementor-widget-text-editor.elementor-drop-cap-view-framed .elementor-drop-cap{color:#69727d;border:3px solid;background-color:transparent}.elementor-widget-text-editor:not(.elementor-drop-cap-view-default) .elementor-drop-cap{margin-top:8px}.elementor-widget-text-editor:not(.elementor-drop-cap-view-default) .elementor-drop-cap-letter{width:1em;height:1em}.elementor-widget-text-editor .elementor-drop-cap{float:left;text-align:center;line-height:1;font-size:50px}.elementor-widget-text-editor .elementor-drop-cap-letter{display:inline-block}<\/style>\t\t\t\t<p>Die Installation von Medikamenten in die Blase, auch bekannt als intravesikale Therapie, ist eine gyn\u00e4kologische Behandlungsmethode, bei der Medikamente direkt in die Harnblase injiziert werden. Diese Methode wird oft bei der Behandlung von Blasenentz\u00fcndungen, Blasentumoren oder Harninkontinenz eingesetzt.<\/p><p>Die Prozedur wird von einem Gyn\u00e4kologen durchgef\u00fchrt und erfordert normalerweise keine Vollnarkose. Das Medikament wird durch einen kleinen Katheter in die Harnblase injiziert und kann dort f\u00fcr eine bestimmte Zeit verbleiben, um seine Wirkung zu entfalten.<\/p><p>Die Installation von Medikamenten in die Blase ist eine sichere und effektive Behandlungsmethode, die in der Regel gut vertr\u00e4glich ist. Es ist jedoch wichtig, dass die Patienten die Anweisungen des Arztes sorgf\u00e4ltig befolgen und m\u00f6gliche Nebenwirkungen oder Komplikationen melden.<\/p>\t\t\t\t\t\t<\/div>\n\t\t\t\t<\/div>\n\t\t\t\t\t<\/div>\n\t\t<\/div>\n\t\t\t\t\t<\/div>\n\t\t<\/section>\n\t\t\t\t<\/div>","protected":false},"excerpt":{"rendered":"<p>Die Installation von Medikamenten in die Blase, auch bekannt als intravesikale Therapie, ist eine gyn\u00e4kologische Behandlungsmethode, bei der Medikamente direkt in die Harnblase injiziert werden. Diese Methode wird oft bei der Behandlung von Blasenentz\u00fcndungen, Blasentumoren oder Harninkontinenz eingesetzt. Die Prozedur wird von einem Gyn\u00e4kologen durchgef\u00fchrt und erfordert normalerweise keine Vollnarkose. Das Medikament wird durch einen [&hellip;]<\/p>","protected":false},"author":3,"featured_media":0,"parent":239,"menu_order":0,"comment_status":"closed","ping_status":"closed","template":"","meta":{"_acf_changed":false,"footnotes":""},"class_list":["post-378","page","type-page","status-publish","hentry"],"acf":[],"_links":{"self":[{"href":"https:\/\/gyn-krizic.com\/hr\/wp-json\/wp\/v2\/pages\/378","targetHints":{"allow":["GET"]}}],"collection":[{"href":"https:\/\/gyn-krizic.com\/hr\/wp-json\/wp\/v2\/pages"}],"about":[{"href":"https:\/\/gyn-krizic.com\/hr\/wp-json\/wp\/v2\/types\/page"}],"author":[{"embeddable":true,"href":"https:\/\/gyn-krizic.com\/hr\/wp-json\/wp\/v2\/users\/3"}],"replies":[{"embeddable":true,"href":"https:\/\/gyn-krizic.com\/hr\/wp-json\/wp\/v2\/comments?post=378"}],"version-history":[{"count":4,"href":"https:\/\/gyn-krizic.com\/hr\/wp-json\/wp\/v2\/pages\/378\/revisions"}],"predecessor-version":[{"id":382,"href":"https:\/\/gyn-krizic.com\/hr\/wp-json\/wp\/v2\/pages\/378\/revisions\/382"}],"up":[{"embeddable":true,"href":"https:\/\/gyn-krizic.com\/hr\/wp-json\/wp\/v2\/pages\/239"}],"wp:attachment":[{"href":"https:\/\/gyn-krizic.com\/hr\/wp-json\/wp\/v2\/media?parent=378"}],"curies":[{"name":"wp","href":"https:\/\/api.w.org\/{rel}","templated":true}]}}