{"id":388,"date":"2023-02-21T00:15:43","date_gmt":"2023-02-20T23:15:43","guid":{"rendered":"http:\/\/wordpress.p635618.webspaceconfig.de\/?page_id=388"},"modified":"2023-02-21T00:15:53","modified_gmt":"2023-02-20T23:15:53","slug":"unterspritzen-der-blase-mit-botox","status":"publish","type":"page","link":"https:\/\/gyn-krizic.com\/hr\/leistungen\/unterspritzen-der-blase-mit-botox\/","title":{"rendered":"Unterspritzen der Blase mit Botox"},"content":{"rendered":"<div data-elementor-type=\"wp-page\" data-elementor-id=\"388\" class=\"elementor elementor-388\" data-elementor-settings=\"{&quot;premium_particles_zindex&quot;:0,&quot;premium_particles_responsive&quot;:[&quot;desktop&quot;,&quot;tablet&quot;,&quot;mobile&quot;]}\" data-elementor-post-type=\"page\">\n\t\t\t\t\t\t<section class=\"elementor-section elementor-top-section elementor-element elementor-element-a622cf3 elementor-section-boxed elementor-section-height-default elementor-section-height-default\" data-id=\"a622cf3\" data-element_type=\"section\" data-settings=\"{&quot;premium_particles_zindex&quot;:0,&quot;premium_particles_responsive&quot;:[&quot;desktop&quot;,&quot;tablet&quot;,&quot;mobile&quot;]}\">\n\t\t\t\t\t\t<div class=\"elementor-container elementor-column-gap-default\">\n\t\t\t\t\t<div class=\"elementor-column elementor-col-100 elementor-top-column elementor-element elementor-element-5226ab3\" data-id=\"5226ab3\" data-element_type=\"column\" data-settings=\"{&quot;premium_particles_zindex&quot;:0,&quot;premium_particles_responsive&quot;:[&quot;desktop&quot;,&quot;tablet&quot;,&quot;mobile&quot;]}\">\n\t\t\t<div class=\"elementor-widget-wrap elementor-element-populated\">\n\t\t\t\t\t\t<div class=\"elementor-element elementor-element-0b7390d elementor-widget elementor-widget-text-editor\" data-id=\"0b7390d\" data-element_type=\"widget\" data-widget_type=\"text-editor.default\">\n\t\t\t\t<div class=\"elementor-widget-container\">\n\t\t\t<style>\/*! elementor - v3.19.0 - 07-02-2024 *\/\n.elementor-widget-text-editor.elementor-drop-cap-view-stacked .elementor-drop-cap{background-color:#69727d;color:#fff}.elementor-widget-text-editor.elementor-drop-cap-view-framed .elementor-drop-cap{color:#69727d;border:3px solid;background-color:transparent}.elementor-widget-text-editor:not(.elementor-drop-cap-view-default) .elementor-drop-cap{margin-top:8px}.elementor-widget-text-editor:not(.elementor-drop-cap-view-default) .elementor-drop-cap-letter{width:1em;height:1em}.elementor-widget-text-editor .elementor-drop-cap{float:left;text-align:center;line-height:1;font-size:50px}.elementor-widget-text-editor .elementor-drop-cap-letter{display:inline-block}<\/style>\t\t\t\t<p>Die Unterspritzung der Blase mit Botox ist eine Behandlungsmethode, die helfen kann, bei bestimmten Blasenproblemen wie \u00fcberaktiver Blase und Harninkontinenz. Botox wird direkt in die Wand der Blase injiziert, wo es die Muskeln entspannt und so die Blasenkontraktionen reduziert.<\/p><p>Es kann eine effektive Behandlungsoption f\u00fcr Frauen sein, die unter diesen Problemen leiden und bei denen andere Behandlungsmethoden nicht ausreichend waren. Die Behandlung ist in der Regel einfach durchzuf\u00fchren und hat in der Regel nur wenige Nebenwirkungen.<\/p><p>Es ist wichtig zu beachten, dass jede Frau unterschiedlich auf die Behandlung reagieren kann und es nicht f\u00fcr jede geeignet sein kann. Eine gr\u00fcndliche Beratung durch einen erfahrenen Gyn\u00e4kologen ist daher unerl\u00e4sslich, um die beste Behandlungsoption f\u00fcr jede Patientin zu finden.<\/p>\t\t\t\t\t\t<\/div>\n\t\t\t\t<\/div>\n\t\t\t\t\t<\/div>\n\t\t<\/div>\n\t\t\t\t\t<\/div>\n\t\t<\/section>\n\t\t\t\t<\/div>","protected":false},"excerpt":{"rendered":"<p>Die Unterspritzung der Blase mit Botox ist eine Behandlungsmethode, die helfen kann, bei bestimmten Blasenproblemen wie \u00fcberaktiver Blase und Harninkontinenz. Botox wird direkt in die Wand der Blase injiziert, wo es die Muskeln entspannt und so die Blasenkontraktionen reduziert. Es kann eine effektive Behandlungsoption f\u00fcr Frauen sein, die unter diesen Problemen leiden und bei denen [&hellip;]<\/p>","protected":false},"author":3,"featured_media":0,"parent":239,"menu_order":0,"comment_status":"closed","ping_status":"closed","template":"","meta":{"_acf_changed":false,"footnotes":""},"class_list":["post-388","page","type-page","status-publish","hentry"],"acf":[],"_links":{"self":[{"href":"https:\/\/gyn-krizic.com\/hr\/wp-json\/wp\/v2\/pages\/388","targetHints":{"allow":["GET"]}}],"collection":[{"href":"https:\/\/gyn-krizic.com\/hr\/wp-json\/wp\/v2\/pages"}],"about":[{"href":"https:\/\/gyn-krizic.com\/hr\/wp-json\/wp\/v2\/types\/page"}],"author":[{"embeddable":true,"href":"https:\/\/gyn-krizic.com\/hr\/wp-json\/wp\/v2\/users\/3"}],"replies":[{"embeddable":true,"href":"https:\/\/gyn-krizic.com\/hr\/wp-json\/wp\/v2\/comments?post=388"}],"version-history":[{"count":4,"href":"https:\/\/gyn-krizic.com\/hr\/wp-json\/wp\/v2\/pages\/388\/revisions"}],"predecessor-version":[{"id":392,"href":"https:\/\/gyn-krizic.com\/hr\/wp-json\/wp\/v2\/pages\/388\/revisions\/392"}],"up":[{"embeddable":true,"href":"https:\/\/gyn-krizic.com\/hr\/wp-json\/wp\/v2\/pages\/239"}],"wp:attachment":[{"href":"https:\/\/gyn-krizic.com\/hr\/wp-json\/wp\/v2\/media?parent=388"}],"curies":[{"name":"wp","href":"https:\/\/api.w.org\/{rel}","templated":true}]}}