{"id":408,"date":"2023-02-21T00:17:33","date_gmt":"2023-02-20T23:17:33","guid":{"rendered":"http:\/\/wordpress.p635618.webspaceconfig.de\/?page_id=408"},"modified":"2023-02-21T00:17:44","modified_gmt":"2023-02-20T23:17:44","slug":"resektion-von-septum","status":"publish","type":"page","link":"https:\/\/gyn-krizic.com\/hr\/leistungen\/resektion-von-septum\/","title":{"rendered":"Resektion von Septum"},"content":{"rendered":"<div data-elementor-type=\"wp-page\" data-elementor-id=\"408\" class=\"elementor elementor-408\" data-elementor-settings=\"{&quot;premium_particles_zindex&quot;:0,&quot;premium_particles_responsive&quot;:[&quot;desktop&quot;,&quot;tablet&quot;,&quot;mobile&quot;]}\" data-elementor-post-type=\"page\">\n\t\t\t\t\t\t<section class=\"elementor-section elementor-top-section elementor-element elementor-element-a622cf3 elementor-section-boxed elementor-section-height-default elementor-section-height-default\" data-id=\"a622cf3\" data-element_type=\"section\" data-settings=\"{&quot;premium_particles_zindex&quot;:0,&quot;premium_particles_responsive&quot;:[&quot;desktop&quot;,&quot;tablet&quot;,&quot;mobile&quot;]}\">\n\t\t\t\t\t\t<div class=\"elementor-container elementor-column-gap-default\">\n\t\t\t\t\t<div class=\"elementor-column elementor-col-100 elementor-top-column elementor-element elementor-element-5226ab3\" data-id=\"5226ab3\" data-element_type=\"column\" data-settings=\"{&quot;premium_particles_zindex&quot;:0,&quot;premium_particles_responsive&quot;:[&quot;desktop&quot;,&quot;tablet&quot;,&quot;mobile&quot;]}\">\n\t\t\t<div class=\"elementor-widget-wrap elementor-element-populated\">\n\t\t\t\t\t\t<div class=\"elementor-element elementor-element-0b7390d elementor-widget elementor-widget-text-editor\" data-id=\"0b7390d\" data-element_type=\"widget\" data-widget_type=\"text-editor.default\">\n\t\t\t\t<div class=\"elementor-widget-container\">\n\t\t\t<style>\/*! elementor - v3.19.0 - 07-02-2024 *\/\n.elementor-widget-text-editor.elementor-drop-cap-view-stacked .elementor-drop-cap{background-color:#69727d;color:#fff}.elementor-widget-text-editor.elementor-drop-cap-view-framed .elementor-drop-cap{color:#69727d;border:3px solid;background-color:transparent}.elementor-widget-text-editor:not(.elementor-drop-cap-view-default) .elementor-drop-cap{margin-top:8px}.elementor-widget-text-editor:not(.elementor-drop-cap-view-default) .elementor-drop-cap-letter{width:1em;height:1em}.elementor-widget-text-editor .elementor-drop-cap{float:left;text-align:center;line-height:1;font-size:50px}.elementor-widget-text-editor .elementor-drop-cap-letter{display:inline-block}<\/style>\t\t\t\t<p>Die Resektion von Septum ist ein gyn\u00e4kologischer Eingriff, der dazu dient, eine Unterteilung der Geb\u00e4rmutter zu entfernen. Diese Unterteilung, auch als Septum bezeichnet, kann die F\u00e4higkeit beeintr\u00e4chtigen, schwanger zu werden oder eine Fehlgeburt zu erleiden.<\/p><p>Der Eingriff erfolgt in der Regel unter Vollnarkose oder Spinalan\u00e4sthesie und dauert in der Regel ein paar Stunden. Nach dem Eingriff kann es eine kurze Erholungszeit geben, in der die Patientin Schmerzen und Blutungen haben kann.<\/p><p>Es ist wichtig zu verstehen, dass jede Patientin und ihre individuelle Situation unterschiedlich sind und dass es wichtig ist, mit ihrem Arzt \u00fcber die Risiken und Vorteile des Eingriffs zu sprechen, um die beste Entscheidung f\u00fcr ihre Gesundheit zu treffen. Wir sind hier um zu unterst\u00fctzen und alle Fragen zu beantworten.<\/p>\t\t\t\t\t\t<\/div>\n\t\t\t\t<\/div>\n\t\t\t\t\t<\/div>\n\t\t<\/div>\n\t\t\t\t\t<\/div>\n\t\t<\/section>\n\t\t\t\t<\/div>","protected":false},"excerpt":{"rendered":"<p>Die Resektion von Septum ist ein gyn\u00e4kologischer Eingriff, der dazu dient, eine Unterteilung der Geb\u00e4rmutter zu entfernen. Diese Unterteilung, auch als Septum bezeichnet, kann die F\u00e4higkeit beeintr\u00e4chtigen, schwanger zu werden oder eine Fehlgeburt zu erleiden. Der Eingriff erfolgt in der Regel unter Vollnarkose oder Spinalan\u00e4sthesie und dauert in der Regel ein paar Stunden. Nach dem [&hellip;]<\/p>","protected":false},"author":3,"featured_media":0,"parent":239,"menu_order":0,"comment_status":"closed","ping_status":"closed","template":"","meta":{"_acf_changed":false,"footnotes":""},"class_list":["post-408","page","type-page","status-publish","hentry"],"acf":[],"_links":{"self":[{"href":"https:\/\/gyn-krizic.com\/hr\/wp-json\/wp\/v2\/pages\/408","targetHints":{"allow":["GET"]}}],"collection":[{"href":"https:\/\/gyn-krizic.com\/hr\/wp-json\/wp\/v2\/pages"}],"about":[{"href":"https:\/\/gyn-krizic.com\/hr\/wp-json\/wp\/v2\/types\/page"}],"author":[{"embeddable":true,"href":"https:\/\/gyn-krizic.com\/hr\/wp-json\/wp\/v2\/users\/3"}],"replies":[{"embeddable":true,"href":"https:\/\/gyn-krizic.com\/hr\/wp-json\/wp\/v2\/comments?post=408"}],"version-history":[{"count":4,"href":"https:\/\/gyn-krizic.com\/hr\/wp-json\/wp\/v2\/pages\/408\/revisions"}],"predecessor-version":[{"id":412,"href":"https:\/\/gyn-krizic.com\/hr\/wp-json\/wp\/v2\/pages\/408\/revisions\/412"}],"up":[{"embeddable":true,"href":"https:\/\/gyn-krizic.com\/hr\/wp-json\/wp\/v2\/pages\/239"}],"wp:attachment":[{"href":"https:\/\/gyn-krizic.com\/hr\/wp-json\/wp\/v2\/media?parent=408"}],"curies":[{"name":"wp","href":"https:\/\/api.w.org\/{rel}","templated":true}]}}