{"id":413,"date":"2023-02-21T00:18:07","date_gmt":"2023-02-20T23:18:07","guid":{"rendered":"http:\/\/wordpress.p635618.webspaceconfig.de\/?page_id=413"},"modified":"2023-02-21T00:18:16","modified_gmt":"2023-02-20T23:18:16","slug":"polypen-in-der-gebaermutter","status":"publish","type":"page","link":"https:\/\/gyn-krizic.com\/hr\/leistungen\/polypen-in-der-gebaermutter\/","title":{"rendered":"Polypen in der Geb\u00e4rmutter"},"content":{"rendered":"<div data-elementor-type=\"wp-page\" data-elementor-id=\"413\" class=\"elementor elementor-413\" data-elementor-settings=\"{&quot;premium_particles_zindex&quot;:0,&quot;premium_particles_responsive&quot;:[&quot;desktop&quot;,&quot;tablet&quot;,&quot;mobile&quot;]}\" data-elementor-post-type=\"page\">\n\t\t\t\t\t\t<section class=\"elementor-section elementor-top-section elementor-element elementor-element-a622cf3 elementor-section-boxed elementor-section-height-default elementor-section-height-default\" data-id=\"a622cf3\" data-element_type=\"section\" data-settings=\"{&quot;premium_particles_zindex&quot;:0,&quot;premium_particles_responsive&quot;:[&quot;desktop&quot;,&quot;tablet&quot;,&quot;mobile&quot;]}\">\n\t\t\t\t\t\t<div class=\"elementor-container elementor-column-gap-default\">\n\t\t\t\t\t<div class=\"elementor-column elementor-col-100 elementor-top-column elementor-element elementor-element-5226ab3\" data-id=\"5226ab3\" data-element_type=\"column\" data-settings=\"{&quot;premium_particles_zindex&quot;:0,&quot;premium_particles_responsive&quot;:[&quot;desktop&quot;,&quot;tablet&quot;,&quot;mobile&quot;]}\">\n\t\t\t<div class=\"elementor-widget-wrap elementor-element-populated\">\n\t\t\t\t\t\t<div class=\"elementor-element elementor-element-0b7390d elementor-widget elementor-widget-text-editor\" data-id=\"0b7390d\" data-element_type=\"widget\" data-widget_type=\"text-editor.default\">\n\t\t\t\t<div class=\"elementor-widget-container\">\n\t\t\t<style>\/*! elementor - v3.19.0 - 07-02-2024 *\/\n.elementor-widget-text-editor.elementor-drop-cap-view-stacked .elementor-drop-cap{background-color:#69727d;color:#fff}.elementor-widget-text-editor.elementor-drop-cap-view-framed .elementor-drop-cap{color:#69727d;border:3px solid;background-color:transparent}.elementor-widget-text-editor:not(.elementor-drop-cap-view-default) .elementor-drop-cap{margin-top:8px}.elementor-widget-text-editor:not(.elementor-drop-cap-view-default) .elementor-drop-cap-letter{width:1em;height:1em}.elementor-widget-text-editor .elementor-drop-cap{float:left;text-align:center;line-height:1;font-size:50px}.elementor-widget-text-editor .elementor-drop-cap-letter{display:inline-block}<\/style>\t\t\t\t<p>Polypen sind kleine, gutartige Wucherungen, die sich in der Geb\u00e4rmutter bilden k\u00f6nnen. Sie k\u00f6nnen unterschiedlich gro\u00df sein und k\u00f6nnen Symptome wie starke Menstruationsblutungen, Schmerzen im Unterbauch oder Unfruchtbarkeit verursachen.<\/p><p>Die Diagn von Polypen erfolgt in der Regel durch eine gyn\u00e4kologische Untersuchung und Ultraschall. In manchen F\u00e4llen kann auch eine Geb\u00e4rmutterhalsabstrich durchgef\u00fchrt werden.<\/p><p>Die Behandlung von Polypen kann medikament\u00f6s oder operativ erfolgen. In vielen F\u00e4llen kann eine hysteroskopische Polypenentfernung durchgef\u00fchrt werden, bei der die Polypen durch den Geb\u00e4rmutterhals entfernt werden, ohne dass ein gro\u00dfer Eingriff notwendig ist.<\/p><p>Es ist wichtig zu betonen, dass jede Patientin individuell betrachtet wird und die Behandlungsoptionen sorgf\u00e4ltig abgewogen werden. Eine gute Kommunikation und Zusammenarbeit zwischen Arzt und Patientin sind hierbei entscheidend.<\/p>\t\t\t\t\t\t<\/div>\n\t\t\t\t<\/div>\n\t\t\t\t\t<\/div>\n\t\t<\/div>\n\t\t\t\t\t<\/div>\n\t\t<\/section>\n\t\t\t\t<\/div>","protected":false},"excerpt":{"rendered":"<p>Polypen sind kleine, gutartige Wucherungen, die sich in der Geb\u00e4rmutter bilden k\u00f6nnen. Sie k\u00f6nnen unterschiedlich gro\u00df sein und k\u00f6nnen Symptome wie starke Menstruationsblutungen, Schmerzen im Unterbauch oder Unfruchtbarkeit verursachen. Die Diagn von Polypen erfolgt in der Regel durch eine gyn\u00e4kologische Untersuchung und Ultraschall. In manchen F\u00e4llen kann auch eine Geb\u00e4rmutterhalsabstrich durchgef\u00fchrt werden. Die Behandlung von [&hellip;]<\/p>","protected":false},"author":3,"featured_media":0,"parent":239,"menu_order":0,"comment_status":"closed","ping_status":"closed","template":"","meta":{"_acf_changed":false,"footnotes":""},"class_list":["post-413","page","type-page","status-publish","hentry"],"acf":[],"_links":{"self":[{"href":"https:\/\/gyn-krizic.com\/hr\/wp-json\/wp\/v2\/pages\/413","targetHints":{"allow":["GET"]}}],"collection":[{"href":"https:\/\/gyn-krizic.com\/hr\/wp-json\/wp\/v2\/pages"}],"about":[{"href":"https:\/\/gyn-krizic.com\/hr\/wp-json\/wp\/v2\/types\/page"}],"author":[{"embeddable":true,"href":"https:\/\/gyn-krizic.com\/hr\/wp-json\/wp\/v2\/users\/3"}],"replies":[{"embeddable":true,"href":"https:\/\/gyn-krizic.com\/hr\/wp-json\/wp\/v2\/comments?post=413"}],"version-history":[{"count":4,"href":"https:\/\/gyn-krizic.com\/hr\/wp-json\/wp\/v2\/pages\/413\/revisions"}],"predecessor-version":[{"id":417,"href":"https:\/\/gyn-krizic.com\/hr\/wp-json\/wp\/v2\/pages\/413\/revisions\/417"}],"up":[{"embeddable":true,"href":"https:\/\/gyn-krizic.com\/hr\/wp-json\/wp\/v2\/pages\/239"}],"wp:attachment":[{"href":"https:\/\/gyn-krizic.com\/hr\/wp-json\/wp\/v2\/media?parent=413"}],"curies":[{"name":"wp","href":"https:\/\/api.w.org\/{rel}","templated":true}]}}